{"id":68,"date":"2025-07-30T17:09:26","date_gmt":"2025-07-30T20:09:26","guid":{"rendered":"https:\/\/perfilvirtual.ar\/lecto\/?post_type=product&#038;p=68"},"modified":"2025-08-06T18:39:45","modified_gmt":"2025-08-06T21:39:45","slug":"historia-de-una-pasion-1913-2023-motoclub-rosario","status":"publish","type":"product","link":"https:\/\/perfilvirtual.ar\/lecto\/producto\/historia-de-una-pasion-1913-2023-motoclub-rosario\/","title":{"rendered":"Historia de una Pasi\u00f3n 1913-2023 MotoClub Rosario"},"content":{"rendered":"<p class=\"p1\">Cuando el colega Sergio Canclini acept\u00f3 la propuesta de contar la historia del saludable MotoClub Rosario &#8211; uno de los m\u00e1s antiguos del mundo a\u00fan en actividad &#8211; sab\u00eda de antemano que desandar el recorrido centenario le permitir\u00eda, a la vez, pintar la evoluci\u00f3n social y cultural de Rosario durante la mayor parte del siglo XX y las primeras d\u00e9cadas de la actual centuria. Que podr\u00eda, a trav\u00e9s de los nombres y los recuerdos de quienes fueron pioneros del motociclismo rosarino, santafesino y argentino, dejar testimonio de su contribuci\u00f3n al conocimiento de la geograf\u00eda regional y nacional, su aporte a la expansi\u00f3n de la red vial, su apuntalamiento al deporte, la mec\u00e1nica y a la transformaci\u00f3n de la movilidad en el pa\u00eds.<\/p>\n<p class=\"p1\">MotoClub Rosario &#8211; Historia de una pasi\u00f3n atraviesa, con precisi\u00f3n period\u00edstica y la sensibilidad propia de quien conoce cada rinc\u00f3n de la ciudad y la impronta de su gen-te, m\u00e1s de un siglo de acontecimientos entrelazados, parte de un entramado que representa a escala las transmutaciones vividas en la Argentina. Desde la llegada de los inmigrantes y migrantes, su inserci\u00f3n en una sociedad establecida, oficios y ocu-paciones, la aparici\u00f3n de los primeros veh\u00edculos con motor, los avatares de la pol\u00edtica, el crecimiento de la ciudad, los cambios sociales, el proceso de expansi\u00f3n, el puerto, la costanera, usos, costumbres y pasiones, son retratados con justeza. Cada cap\u00edtulo, incluso en los que reluce la p\u00e1tina amable de la an\u00e9cdota, tiene la dosis precisa de datos, contexto e historias que pueden ser disfrutados tanto por un amante de las motocicletas como por un ne\u00f3fito que se anima a hacer este viaje en el tiempo. Un viaje en moto, como corresponde en esta historia.<\/p>\n<p class=\"p1\"><em>Mart\u00edn Urruty<\/em><\/p>\n<p>&nbsp;<\/p>\n<p>Ficha t\u00e9cnica:<\/p>\n<p dir=\"ltr\">Historia de una Pasi\u00f3n 1913-2023 MotoClub Rosario<\/p>\n<p dir=\"ltr\">LECTO Ediciones (2023)<\/p>\n<p dir=\"ltr\">Textos de Sergio Canclini<\/p>\n<p dir=\"ltr\">25 cm x 24 cm x 2 cm<\/p>\n<p dir=\"ltr\">Peso 1 k<\/p>\n<p dir=\"ltr\">174 p<\/p>\n<p dir=\"ltr\">Couch\u00e9 mate 170 g<\/p>\n<p dir=\"ltr\">Tapa dura impresa, polipropileno mate, laca sectorizada<\/p>\n<p dir=\"ltr\">Guardas cartulina coloreada 140 g<\/p>\n<p dir=\"ltr\">Purmelt c\/capitel<\/p>\n","protected":false},"excerpt":{"rendered":"<p>Textos de Sergio Canclini<\/p>\n<p>&nbsp;<\/p>\n","protected":false},"featured_media":72,"comment_status":"open","ping_status":"closed","template":"","meta":[],"product_brand":[],"product_cat":[20],"product_tag":[21,24,22,23,25],"class_list":{"0":"post-68","1":"product","2":"type-product","3":"status-publish","4":"has-post-thumbnail","6":"product_cat-homenajes","7":"product_tag-motociclismo","8":"product_tag-motoclub-rosario","9":"product_tag-motos","10":"product_tag-rosario","11":"product_tag-sergio-canclini","13":"first","14":"onbackorder","15":"sale","16":"taxable","17":"shipping-taxable","18":"purchasable","19":"product-type-simple"},"yoast_head":"<!-- This site is optimized with the Yoast SEO plugin v25.8 - https:\/\/yoast.com\/wordpress\/plugins\/seo\/ -->\n<title>Historia de una Pasi\u00f3n 1913-2023 MotoClub Rosario - LECTO<\/title>\n<meta name=\"robots\" content=\"index, follow, max-snippet:-1, max-image-preview:large, max-video-preview:-1\" \/>\n<link rel=\"canonical\" href=\"https:\/\/perfilvirtual.ar\/lecto\/producto\/historia-de-una-pasion-1913-2023-motoclub-rosario\/\" \/>\n<meta property=\"og:locale\" content=\"es_ES\" \/>\n<meta property=\"og:type\" content=\"article\" \/>\n<meta property=\"og:title\" content=\"Historia de una Pasi\u00f3n 1913-2023 MotoClub Rosario - LECTO\" \/>\n<meta property=\"og:description\" content=\"Textos de Sergio Canclini  &nbsp;\" \/>\n<meta property=\"og:url\" content=\"https:\/\/perfilvirtual.ar\/lecto\/producto\/historia-de-una-pasion-1913-2023-motoclub-rosario\/\" \/>\n<meta property=\"og:site_name\" content=\"LECTO\" \/>\n<meta property=\"article:modified_time\" content=\"2025-08-06T21:39:45+00:00\" \/>\n<meta property=\"og:image\" content=\"https:\/\/perfilvirtual.ar\/lecto\/wp-content\/uploads\/2025\/07\/HISTORIA-DE-UNA-PASION-TAPA-1080.jpg\" \/>\n\t<meta property=\"og:image:width\" content=\"1080\" \/>\n\t<meta property=\"og:image:height\" content=\"1080\" \/>\n\t<meta property=\"og:image:type\" content=\"image\/jpeg\" \/>\n<meta name=\"twitter:card\" content=\"summary_large_image\" \/>\n<meta name=\"twitter:label1\" content=\"Tiempo de lectura\" \/>\n\t<meta name=\"twitter:data1\" content=\"2 minutos\" \/>\n<script type=\"application\/ld+json\" class=\"yoast-schema-graph\">{\"@context\":\"https:\/\/schema.org\",\"@graph\":[{\"@type\":\"WebPage\",\"@id\":\"https:\/\/perfilvirtual.ar\/lecto\/producto\/historia-de-una-pasion-1913-2023-motoclub-rosario\/\",\"url\":\"https:\/\/perfilvirtual.ar\/lecto\/producto\/historia-de-una-pasion-1913-2023-motoclub-rosario\/\",\"name\":\"Historia de una Pasi\u00f3n 1913-2023 MotoClub Rosario - LECTO\",\"isPartOf\":{\"@id\":\"https:\/\/perfilvirtual.ar\/lecto\/#website\"},\"primaryImageOfPage\":{\"@id\":\"https:\/\/perfilvirtual.ar\/lecto\/producto\/historia-de-una-pasion-1913-2023-motoclub-rosario\/#primaryimage\"},\"image\":{\"@id\":\"https:\/\/perfilvirtual.ar\/lecto\/producto\/historia-de-una-pasion-1913-2023-motoclub-rosario\/#primaryimage\"},\"thumbnailUrl\":\"https:\/\/perfilvirtual.ar\/lecto\/wp-content\/uploads\/2025\/07\/HISTORIA-DE-UNA-PASION-TAPA-1080.jpg\",\"datePublished\":\"2025-07-30T20:09:26+00:00\",\"dateModified\":\"2025-08-06T21:39:45+00:00\",\"breadcrumb\":{\"@id\":\"https:\/\/perfilvirtual.ar\/lecto\/producto\/historia-de-una-pasion-1913-2023-motoclub-rosario\/#breadcrumb\"},\"inLanguage\":\"es-AR\",\"potentialAction\":[{\"@type\":\"ReadAction\",\"target\":[\"https:\/\/perfilvirtual.ar\/lecto\/producto\/historia-de-una-pasion-1913-2023-motoclub-rosario\/\"]}]},{\"@type\":\"ImageObject\",\"inLanguage\":\"es-AR\",\"@id\":\"https:\/\/perfilvirtual.ar\/lecto\/producto\/historia-de-una-pasion-1913-2023-motoclub-rosario\/#primaryimage\",\"url\":\"https:\/\/perfilvirtual.ar\/lecto\/wp-content\/uploads\/2025\/07\/HISTORIA-DE-UNA-PASION-TAPA-1080.jpg\",\"contentUrl\":\"https:\/\/perfilvirtual.ar\/lecto\/wp-content\/uploads\/2025\/07\/HISTORIA-DE-UNA-PASION-TAPA-1080.jpg\",\"width\":1080,\"height\":1080},{\"@type\":\"BreadcrumbList\",\"@id\":\"https:\/\/perfilvirtual.ar\/lecto\/producto\/historia-de-una-pasion-1913-2023-motoclub-rosario\/#breadcrumb\",\"itemListElement\":[{\"@type\":\"ListItem\",\"position\":1,\"name\":\"Inicio\",\"item\":\"https:\/\/perfilvirtual.ar\/lecto\/\"},{\"@type\":\"ListItem\",\"position\":2,\"name\":\"Tienda\",\"item\":\"https:\/\/perfilvirtual.ar\/lecto\/tienda\/\"},{\"@type\":\"ListItem\",\"position\":3,\"name\":\"Historia de una Pasi\u00f3n 1913-2023 MotoClub Rosario\"}]},{\"@type\":\"WebSite\",\"@id\":\"https:\/\/perfilvirtual.ar\/lecto\/#website\",\"url\":\"https:\/\/perfilvirtual.ar\/lecto\/\",\"name\":\"LECTO\",\"description\":\"Servicios y productos reales para proponer conversaciones ideales\u00a0\",\"potentialAction\":[{\"@type\":\"SearchAction\",\"target\":{\"@type\":\"EntryPoint\",\"urlTemplate\":\"https:\/\/perfilvirtual.ar\/lecto\/?s={search_term_string}\"},\"query-input\":{\"@type\":\"PropertyValueSpecification\",\"valueRequired\":true,\"valueName\":\"search_term_string\"}}],\"inLanguage\":\"es-AR\"}]}<\/script>\n<!-- \/ Yoast SEO plugin. -->","yoast_head_json":{"title":"Historia de una Pasi\u00f3n 1913-2023 MotoClub Rosario - LECTO","robots":{"index":"index","follow":"follow","max-snippet":"max-snippet:-1","max-image-preview":"max-image-preview:large","max-video-preview":"max-video-preview:-1"},"canonical":"https:\/\/perfilvirtual.ar\/lecto\/producto\/historia-de-una-pasion-1913-2023-motoclub-rosario\/","og_locale":"es_ES","og_type":"article","og_title":"Historia de una Pasi\u00f3n 1913-2023 MotoClub Rosario - LECTO","og_description":"Textos de Sergio Canclini  &nbsp;","og_url":"https:\/\/perfilvirtual.ar\/lecto\/producto\/historia-de-una-pasion-1913-2023-motoclub-rosario\/","og_site_name":"LECTO","article_modified_time":"2025-08-06T21:39:45+00:00","og_image":[{"width":1080,"height":1080,"url":"https:\/\/perfilvirtual.ar\/lecto\/wp-content\/uploads\/2025\/07\/HISTORIA-DE-UNA-PASION-TAPA-1080.jpg","type":"image\/jpeg"}],"twitter_card":"summary_large_image","twitter_misc":{"Tiempo de lectura":"2 minutos"},"schema":{"@context":"https:\/\/schema.org","@graph":[{"@type":"WebPage","@id":"https:\/\/perfilvirtual.ar\/lecto\/producto\/historia-de-una-pasion-1913-2023-motoclub-rosario\/","url":"https:\/\/perfilvirtual.ar\/lecto\/producto\/historia-de-una-pasion-1913-2023-motoclub-rosario\/","name":"Historia de una Pasi\u00f3n 1913-2023 MotoClub Rosario - LECTO","isPartOf":{"@id":"https:\/\/perfilvirtual.ar\/lecto\/#website"},"primaryImageOfPage":{"@id":"https:\/\/perfilvirtual.ar\/lecto\/producto\/historia-de-una-pasion-1913-2023-motoclub-rosario\/#primaryimage"},"image":{"@id":"https:\/\/perfilvirtual.ar\/lecto\/producto\/historia-de-una-pasion-1913-2023-motoclub-rosario\/#primaryimage"},"thumbnailUrl":"https:\/\/perfilvirtual.ar\/lecto\/wp-content\/uploads\/2025\/07\/HISTORIA-DE-UNA-PASION-TAPA-1080.jpg","datePublished":"2025-07-30T20:09:26+00:00","dateModified":"2025-08-06T21:39:45+00:00","breadcrumb":{"@id":"https:\/\/perfilvirtual.ar\/lecto\/producto\/historia-de-una-pasion-1913-2023-motoclub-rosario\/#breadcrumb"},"inLanguage":"es-AR","potentialAction":[{"@type":"ReadAction","target":["https:\/\/perfilvirtual.ar\/lecto\/producto\/historia-de-una-pasion-1913-2023-motoclub-rosario\/"]}]},{"@type":"ImageObject","inLanguage":"es-AR","@id":"https:\/\/perfilvirtual.ar\/lecto\/producto\/historia-de-una-pasion-1913-2023-motoclub-rosario\/#primaryimage","url":"https:\/\/perfilvirtual.ar\/lecto\/wp-content\/uploads\/2025\/07\/HISTORIA-DE-UNA-PASION-TAPA-1080.jpg","contentUrl":"https:\/\/perfilvirtual.ar\/lecto\/wp-content\/uploads\/2025\/07\/HISTORIA-DE-UNA-PASION-TAPA-1080.jpg","width":1080,"height":1080},{"@type":"BreadcrumbList","@id":"https:\/\/perfilvirtual.ar\/lecto\/producto\/historia-de-una-pasion-1913-2023-motoclub-rosario\/#breadcrumb","itemListElement":[{"@type":"ListItem","position":1,"name":"Inicio","item":"https:\/\/perfilvirtual.ar\/lecto\/"},{"@type":"ListItem","position":2,"name":"Tienda","item":"https:\/\/perfilvirtual.ar\/lecto\/tienda\/"},{"@type":"ListItem","position":3,"name":"Historia de una Pasi\u00f3n 1913-2023 MotoClub Rosario"}]},{"@type":"WebSite","@id":"https:\/\/perfilvirtual.ar\/lecto\/#website","url":"https:\/\/perfilvirtual.ar\/lecto\/","name":"LECTO","description":"Servicios y productos reales para proponer conversaciones ideales\u00a0","potentialAction":[{"@type":"SearchAction","target":{"@type":"EntryPoint","urlTemplate":"https:\/\/perfilvirtual.ar\/lecto\/?s={search_term_string}"},"query-input":{"@type":"PropertyValueSpecification","valueRequired":true,"valueName":"search_term_string"}}],"inLanguage":"es-AR"}]}},"_links":{"self":[{"href":"https:\/\/perfilvirtual.ar\/lecto\/wp-json\/wp\/v2\/product\/68","targetHints":{"allow":["GET"]}}],"collection":[{"href":"https:\/\/perfilvirtual.ar\/lecto\/wp-json\/wp\/v2\/product"}],"about":[{"href":"https:\/\/perfilvirtual.ar\/lecto\/wp-json\/wp\/v2\/types\/product"}],"replies":[{"embeddable":true,"href":"https:\/\/perfilvirtual.ar\/lecto\/wp-json\/wp\/v2\/comments?post=68"}],"wp:featuredmedia":[{"embeddable":true,"href":"https:\/\/perfilvirtual.ar\/lecto\/wp-json\/wp\/v2\/media\/72"}],"wp:attachment":[{"href":"https:\/\/perfilvirtual.ar\/lecto\/wp-json\/wp\/v2\/media?parent=68"}],"wp:term":[{"taxonomy":"product_brand","embeddable":true,"href":"https:\/\/perfilvirtual.ar\/lecto\/wp-json\/wp\/v2\/product_brand?post=68"},{"taxonomy":"product_cat","embeddable":true,"href":"https:\/\/perfilvirtual.ar\/lecto\/wp-json\/wp\/v2\/product_cat?post=68"},{"taxonomy":"product_tag","embeddable":true,"href":"https:\/\/perfilvirtual.ar\/lecto\/wp-json\/wp\/v2\/product_tag?post=68"}],"curies":[{"name":"wp","href":"https:\/\/api.w.org\/{rel}","templated":true}]}}