{"id":86,"date":"2025-07-30T19:05:15","date_gmt":"2025-07-30T22:05:15","guid":{"rendered":"https:\/\/perfilvirtual.ar\/lecto\/?page_id=86"},"modified":"2025-08-23T13:58:42","modified_gmt":"2025-08-23T16:58:42","slug":"impresion-offset-digital","status":"publish","type":"page","link":"https:\/\/perfilvirtual.ar\/lecto\/ediciones\/impresion-offset-digital\/","title":{"rendered":"Impresi\u00f3n offset digital"},"content":{"rendered":"\n<ul class=\"wp-block-list\">\n<li><a href=\"https:\/\/perfilvirtual.ar\/lecto\/edicion\/impresion-digital\/fine-arts\/\" data-type=\"page\" data-id=\"105\"><em>Fine Arts<\/em><\/a><\/li>\n\n\n\n<li><a href=\"https:\/\/perfilvirtual.ar\/lecto\/edicion\/impresion-digital\/impresion-comercial\/\" data-type=\"page\" data-id=\"107\">Comercial<\/a><\/li>\n<\/ul>\n\n\n\n<p>Atravesando los eones que distan entre aquellas \u00e9pocas cuando prepar\u00e1bamos los originales para imprenta \u2014dibujados en l\u00e1piz cyan y rotring sobre cartulina montada con las indicaciones en el vegetal protector\u2014, luego la pel\u00edcula, la chapa, la tinta espesa y el caucho \u2014transfiriendo la magia de la imagen al papel\u2014 y esta \u00e9poca, ahora, tambi\u00e9n nuestra, a\u00fan somos los mismos.<\/p>\n\n\n\n<p>Seguimos en la <a href=\"https:\/\/perfilvirtual.ar\/lecto\/oficina-de-diseno\/\" data-type=\"page\" data-id=\"174\" target=\"_blank\" rel=\"noreferrer noopener\">oficina<\/a> dise\u00f1ando y creando libros con pasi\u00f3n de aprendices y la experiencia de <em>casi<\/em> viejos, asistidos y actualizados sobre la m\u00e1s avanzadas tecnolog\u00edas del momento: compus, celulares, tablets, printers, IAs.<\/p>\n\n\n\n<p>Elegimos apostar por el mejor sistema de impresi\u00f3n offset digital de la actualidad, HP \u00cdndigo de Hewlett Packard, con tecnolog\u00eda LEP de tintas electrost\u00e1ticas.<\/p>\n\n\n\n<figure class=\"wp-block-embed is-type-video is-provider-youtube wp-block-embed-youtube wp-embed-aspect-16-9 wp-has-aspect-ratio\"><div class=\"wp-block-embed__wrapper\">\n<iframe title=\"HP Indigo LEP Technology\" width=\"500\" height=\"281\" src=\"https:\/\/www.youtube.com\/embed\/P4ARHEjsCN0?feature=oembed\" frameborder=\"0\" allow=\"accelerometer; autoplay; clipboard-write; encrypted-media; gyroscope; picture-in-picture; web-share\" referrerpolicy=\"strict-origin-when-cross-origin\" allowfullscreen><\/iframe>\n<\/div><\/figure>\n\n\n\n<p>Como <a href=\"https:\/\/perfilvirtual.ar\/lecto\/ediciones\/lecto-editores\" data-type=\"page\" data-id=\"2\" target=\"_blank\" rel=\"noreferrer noopener\">editores<\/a> curiosos, encontramos un parentesco est\u00e9tico muy cercano entre esta tecnolog\u00eda de avanzada mundial y la impresi\u00f3n <em>inkjet<\/em> conocida como <em>Glice\u00e9<\/em>, enfocada en el mercado de <a href=\"https:\/\/perfilvirtual.ar\/lecto\/ediciones\/reproduccion-de-obra\/\" data-type=\"link\" data-id=\"https:\/\/perfilvirtual.ar\/lecto\/ediciones\/reproduccion-de-obra\/\" target=\"_blank\" rel=\"noreferrer noopener\">reproducci\u00f3n de obras de arte<\/a>.<\/p>\n\n\n\n<p><\/p>\n","protected":false},"excerpt":{"rendered":"<p>Atravesando los eones que distan entre aquellas \u00e9pocas cuando prepar\u00e1bamos los originales para imprenta \u2014dibujados en l\u00e1piz cyan y rotring sobre cartulina montada con las indicaciones en el vegetal protector\u2014, luego la pel\u00edcula, la chapa, la tinta espesa y el caucho \u2014transfiriendo la magia de la imagen al papel\u2014 y esta \u00e9poca, ahora, tambi\u00e9n nuestra, [&hellip;]<\/p>\n","protected":false},"author":1,"featured_media":334,"parent":82,"menu_order":2,"comment_status":"closed","ping_status":"closed","template":"","meta":{"footnotes":""},"class_list":["post-86","page","type-page","status-publish","has-post-thumbnail","hentry"],"yoast_head":"<!-- This site is optimized with the Yoast SEO plugin v25.8 - https:\/\/yoast.com\/wordpress\/plugins\/seo\/ -->\n<title>Impresi\u00f3n offset digital - LECTO<\/title>\n<meta name=\"robots\" content=\"index, follow, max-snippet:-1, max-image-preview:large, max-video-preview:-1\" \/>\n<link rel=\"canonical\" href=\"https:\/\/perfilvirtual.ar\/lecto\/ediciones\/impresion-offset-digital\/\" \/>\n<meta property=\"og:locale\" content=\"es_ES\" \/>\n<meta property=\"og:type\" content=\"article\" \/>\n<meta property=\"og:title\" content=\"Impresi\u00f3n offset digital - LECTO\" \/>\n<meta property=\"og:description\" content=\"Atravesando los eones que distan entre aquellas \u00e9pocas cuando prepar\u00e1bamos los originales para imprenta \u2014dibujados en l\u00e1piz cyan y rotring sobre cartulina montada con las indicaciones en el vegetal protector\u2014, luego la pel\u00edcula, la chapa, la tinta espesa y el caucho \u2014transfiriendo la magia de la imagen al papel\u2014 y esta \u00e9poca, ahora, tambi\u00e9n nuestra, [&hellip;]\" \/>\n<meta property=\"og:url\" content=\"https:\/\/perfilvirtual.ar\/lecto\/ediciones\/impresion-offset-digital\/\" \/>\n<meta property=\"og:site_name\" content=\"LECTO\" \/>\n<meta property=\"article:modified_time\" content=\"2025-08-23T16:58:42+00:00\" \/>\n<meta property=\"og:image\" content=\"https:\/\/perfilvirtual.ar\/lecto\/wp-content\/uploads\/2025\/08\/JAPON-EN-BICI-IMG_7310-1920-1080x774.jpg\" \/>\n\t<meta property=\"og:image:width\" content=\"1080\" \/>\n\t<meta property=\"og:image:height\" content=\"774\" \/>\n\t<meta property=\"og:image:type\" content=\"image\/jpeg\" \/>\n<meta name=\"twitter:card\" content=\"summary_large_image\" \/>\n<meta name=\"twitter:label1\" content=\"Tiempo de lectura\" \/>\n\t<meta name=\"twitter:data1\" content=\"1 minuto\" \/>\n<script type=\"application\/ld+json\" class=\"yoast-schema-graph\">{\"@context\":\"https:\/\/schema.org\",\"@graph\":[{\"@type\":\"WebPage\",\"@id\":\"https:\/\/perfilvirtual.ar\/lecto\/ediciones\/impresion-offset-digital\/\",\"url\":\"https:\/\/perfilvirtual.ar\/lecto\/ediciones\/impresion-offset-digital\/\",\"name\":\"Impresi\u00f3n offset digital - LECTO\",\"isPartOf\":{\"@id\":\"https:\/\/perfilvirtual.ar\/lecto\/#website\"},\"primaryImageOfPage\":{\"@id\":\"https:\/\/perfilvirtual.ar\/lecto\/ediciones\/impresion-offset-digital\/#primaryimage\"},\"image\":{\"@id\":\"https:\/\/perfilvirtual.ar\/lecto\/ediciones\/impresion-offset-digital\/#primaryimage\"},\"thumbnailUrl\":\"https:\/\/perfilvirtual.ar\/lecto\/wp-content\/uploads\/2025\/08\/JAPON-EN-BICI-IMG_7310-1920.jpg\",\"datePublished\":\"2025-07-30T22:05:15+00:00\",\"dateModified\":\"2025-08-23T16:58:42+00:00\",\"breadcrumb\":{\"@id\":\"https:\/\/perfilvirtual.ar\/lecto\/ediciones\/impresion-offset-digital\/#breadcrumb\"},\"inLanguage\":\"es-AR\",\"potentialAction\":[{\"@type\":\"ReadAction\",\"target\":[\"https:\/\/perfilvirtual.ar\/lecto\/ediciones\/impresion-offset-digital\/\"]}]},{\"@type\":\"ImageObject\",\"inLanguage\":\"es-AR\",\"@id\":\"https:\/\/perfilvirtual.ar\/lecto\/ediciones\/impresion-offset-digital\/#primaryimage\",\"url\":\"https:\/\/perfilvirtual.ar\/lecto\/wp-content\/uploads\/2025\/08\/JAPON-EN-BICI-IMG_7310-1920.jpg\",\"contentUrl\":\"https:\/\/perfilvirtual.ar\/lecto\/wp-content\/uploads\/2025\/08\/JAPON-EN-BICI-IMG_7310-1920.jpg\",\"width\":1920,\"height\":1376},{\"@type\":\"BreadcrumbList\",\"@id\":\"https:\/\/perfilvirtual.ar\/lecto\/ediciones\/impresion-offset-digital\/#breadcrumb\",\"itemListElement\":[{\"@type\":\"ListItem\",\"position\":1,\"name\":\"Inicio\",\"item\":\"https:\/\/perfilvirtual.ar\/lecto\/\"},{\"@type\":\"ListItem\",\"position\":2,\"name\":\"Ediciones\",\"item\":\"https:\/\/perfilvirtual.ar\/lecto\/\"},{\"@type\":\"ListItem\",\"position\":3,\"name\":\"Impresi\u00f3n offset digital\"}]},{\"@type\":\"WebSite\",\"@id\":\"https:\/\/perfilvirtual.ar\/lecto\/#website\",\"url\":\"https:\/\/perfilvirtual.ar\/lecto\/\",\"name\":\"LECTO\",\"description\":\"Servicios y productos reales para proponer conversaciones ideales\u00a0\",\"potentialAction\":[{\"@type\":\"SearchAction\",\"target\":{\"@type\":\"EntryPoint\",\"urlTemplate\":\"https:\/\/perfilvirtual.ar\/lecto\/?s={search_term_string}\"},\"query-input\":{\"@type\":\"PropertyValueSpecification\",\"valueRequired\":true,\"valueName\":\"search_term_string\"}}],\"inLanguage\":\"es-AR\"}]}<\/script>\n<!-- \/ Yoast SEO plugin. -->","yoast_head_json":{"title":"Impresi\u00f3n offset digital - LECTO","robots":{"index":"index","follow":"follow","max-snippet":"max-snippet:-1","max-image-preview":"max-image-preview:large","max-video-preview":"max-video-preview:-1"},"canonical":"https:\/\/perfilvirtual.ar\/lecto\/ediciones\/impresion-offset-digital\/","og_locale":"es_ES","og_type":"article","og_title":"Impresi\u00f3n offset digital - LECTO","og_description":"Atravesando los eones que distan entre aquellas \u00e9pocas cuando prepar\u00e1bamos los originales para imprenta \u2014dibujados en l\u00e1piz cyan y rotring sobre cartulina montada con las indicaciones en el vegetal protector\u2014, luego la pel\u00edcula, la chapa, la tinta espesa y el caucho \u2014transfiriendo la magia de la imagen al papel\u2014 y esta \u00e9poca, ahora, tambi\u00e9n nuestra, [&hellip;]","og_url":"https:\/\/perfilvirtual.ar\/lecto\/ediciones\/impresion-offset-digital\/","og_site_name":"LECTO","article_modified_time":"2025-08-23T16:58:42+00:00","og_image":[{"width":1080,"height":774,"url":"https:\/\/perfilvirtual.ar\/lecto\/wp-content\/uploads\/2025\/08\/JAPON-EN-BICI-IMG_7310-1920-1080x774.jpg","type":"image\/jpeg"}],"twitter_card":"summary_large_image","twitter_misc":{"Tiempo de lectura":"1 minuto"},"schema":{"@context":"https:\/\/schema.org","@graph":[{"@type":"WebPage","@id":"https:\/\/perfilvirtual.ar\/lecto\/ediciones\/impresion-offset-digital\/","url":"https:\/\/perfilvirtual.ar\/lecto\/ediciones\/impresion-offset-digital\/","name":"Impresi\u00f3n offset digital - LECTO","isPartOf":{"@id":"https:\/\/perfilvirtual.ar\/lecto\/#website"},"primaryImageOfPage":{"@id":"https:\/\/perfilvirtual.ar\/lecto\/ediciones\/impresion-offset-digital\/#primaryimage"},"image":{"@id":"https:\/\/perfilvirtual.ar\/lecto\/ediciones\/impresion-offset-digital\/#primaryimage"},"thumbnailUrl":"https:\/\/perfilvirtual.ar\/lecto\/wp-content\/uploads\/2025\/08\/JAPON-EN-BICI-IMG_7310-1920.jpg","datePublished":"2025-07-30T22:05:15+00:00","dateModified":"2025-08-23T16:58:42+00:00","breadcrumb":{"@id":"https:\/\/perfilvirtual.ar\/lecto\/ediciones\/impresion-offset-digital\/#breadcrumb"},"inLanguage":"es-AR","potentialAction":[{"@type":"ReadAction","target":["https:\/\/perfilvirtual.ar\/lecto\/ediciones\/impresion-offset-digital\/"]}]},{"@type":"ImageObject","inLanguage":"es-AR","@id":"https:\/\/perfilvirtual.ar\/lecto\/ediciones\/impresion-offset-digital\/#primaryimage","url":"https:\/\/perfilvirtual.ar\/lecto\/wp-content\/uploads\/2025\/08\/JAPON-EN-BICI-IMG_7310-1920.jpg","contentUrl":"https:\/\/perfilvirtual.ar\/lecto\/wp-content\/uploads\/2025\/08\/JAPON-EN-BICI-IMG_7310-1920.jpg","width":1920,"height":1376},{"@type":"BreadcrumbList","@id":"https:\/\/perfilvirtual.ar\/lecto\/ediciones\/impresion-offset-digital\/#breadcrumb","itemListElement":[{"@type":"ListItem","position":1,"name":"Inicio","item":"https:\/\/perfilvirtual.ar\/lecto\/"},{"@type":"ListItem","position":2,"name":"Ediciones","item":"https:\/\/perfilvirtual.ar\/lecto\/"},{"@type":"ListItem","position":3,"name":"Impresi\u00f3n offset digital"}]},{"@type":"WebSite","@id":"https:\/\/perfilvirtual.ar\/lecto\/#website","url":"https:\/\/perfilvirtual.ar\/lecto\/","name":"LECTO","description":"Servicios y productos reales para proponer conversaciones ideales\u00a0","potentialAction":[{"@type":"SearchAction","target":{"@type":"EntryPoint","urlTemplate":"https:\/\/perfilvirtual.ar\/lecto\/?s={search_term_string}"},"query-input":{"@type":"PropertyValueSpecification","valueRequired":true,"valueName":"search_term_string"}}],"inLanguage":"es-AR"}]}},"_links":{"self":[{"href":"https:\/\/perfilvirtual.ar\/lecto\/wp-json\/wp\/v2\/pages\/86","targetHints":{"allow":["GET"]}}],"collection":[{"href":"https:\/\/perfilvirtual.ar\/lecto\/wp-json\/wp\/v2\/pages"}],"about":[{"href":"https:\/\/perfilvirtual.ar\/lecto\/wp-json\/wp\/v2\/types\/page"}],"author":[{"embeddable":true,"href":"https:\/\/perfilvirtual.ar\/lecto\/wp-json\/wp\/v2\/users\/1"}],"replies":[{"embeddable":true,"href":"https:\/\/perfilvirtual.ar\/lecto\/wp-json\/wp\/v2\/comments?post=86"}],"version-history":[{"count":10,"href":"https:\/\/perfilvirtual.ar\/lecto\/wp-json\/wp\/v2\/pages\/86\/revisions"}],"predecessor-version":[{"id":325,"href":"https:\/\/perfilvirtual.ar\/lecto\/wp-json\/wp\/v2\/pages\/86\/revisions\/325"}],"up":[{"embeddable":true,"href":"https:\/\/perfilvirtual.ar\/lecto\/wp-json\/wp\/v2\/pages\/82"}],"wp:featuredmedia":[{"embeddable":true,"href":"https:\/\/perfilvirtual.ar\/lecto\/wp-json\/wp\/v2\/media\/334"}],"wp:attachment":[{"href":"https:\/\/perfilvirtual.ar\/lecto\/wp-json\/wp\/v2\/media?parent=86"}],"curies":[{"name":"wp","href":"https:\/\/api.w.org\/{rel}","templated":true}]}}