{"id":2,"date":"2025-07-28T09:37:09","date_gmt":"2025-07-28T12:37:09","guid":{"rendered":"https:\/\/perfilvirtual.ar\/lecto\/?page_id=2"},"modified":"2025-09-08T13:14:54","modified_gmt":"2025-09-08T16:14:54","slug":"lecto-editores","status":"publish","type":"page","link":"https:\/\/perfilvirtual.ar\/lecto\/ediciones\/lecto-editores\/","title":{"rendered":"Lectoeditores"},"content":{"rendered":"\n<p class=\"is-style-default has-text-color has-link-color wp-elements-1cac594e052c9bc116fe57540b5a1cba\" style=\"color:#bd1823\"><em>Artesanos del oficio gr\u00e1fico<\/em><\/p>\n\n\n\n<p>Concebimos un c\u00edrculo virtuoso cuyo dinamismo surge de la relaci\u00f3n estrat\u00e9gica que les proponemos a los autores y artistas para acompa\u00f1arlos en sus <a href=\"https:\/\/perfilvirtual.ar\/lecto\/proyectos\/\" data-type=\"page\" data-id=\"84\" target=\"_blank\" rel=\"noreferrer noopener\">proyectos<\/a>, desde la creaci\u00f3n hasta el objeto, trabajando juntos \u2014desde la <a href=\"https:\/\/perfilvirtual.ar\/lecto\/ediciones\/\" data-type=\"page\" data-id=\"84\" target=\"_blank\" rel=\"noreferrer noopener\">edici\u00f3n<\/a>, el <a href=\"https:\/\/perfilvirtual.ar\/lecto\/oficina-de-diseno\/\" data-type=\"page\" data-id=\"174\" target=\"_blank\" rel=\"noreferrer noopener\">dise\u00f1o y la comunicaci\u00f3n<\/a>\u2014 para atender toda la cadena de valor sociocultural y art\u00edstico requerida por las nuevas tendencias y tradiciones del arte y la cultura contempor\u00e1neos.<\/p>\n\n\n\n<hr class=\"wp-block-separator has-text-color has-contrast-color has-alpha-channel-opacity has-contrast-background-color has-background is-style-dots\" style=\"margin-top:var(--wp--preset--spacing--40);margin-bottom:var(--wp--preset--spacing--40)\"\/>\n\n\n\n<p>&nbsp;<\/p>\n\n\n\n<figure class=\"wp-block-image size-full\"><img fetchpriority=\"high\" decoding=\"async\" width=\"1350\" height=\"1350\" src=\"https:\/\/perfilvirtual.ar\/lecto\/wp-content\/uploads\/2025\/07\/ESPIRAL-LECTO-1350.jpg\" alt=\"\" class=\"wp-image-142\" srcset=\"https:\/\/perfilvirtual.ar\/lecto\/wp-content\/uploads\/2025\/07\/ESPIRAL-LECTO-1350.jpg 1350w, https:\/\/perfilvirtual.ar\/lecto\/wp-content\/uploads\/2025\/07\/ESPIRAL-LECTO-1350-300x300.jpg 300w, https:\/\/perfilvirtual.ar\/lecto\/wp-content\/uploads\/2025\/07\/ESPIRAL-LECTO-1350-100x100.jpg 100w, https:\/\/perfilvirtual.ar\/lecto\/wp-content\/uploads\/2025\/07\/ESPIRAL-LECTO-1350-600x600.jpg 600w, https:\/\/perfilvirtual.ar\/lecto\/wp-content\/uploads\/2025\/07\/ESPIRAL-LECTO-1350-1024x1024.jpg 1024w, https:\/\/perfilvirtual.ar\/lecto\/wp-content\/uploads\/2025\/07\/ESPIRAL-LECTO-1350-150x150.jpg 150w, https:\/\/perfilvirtual.ar\/lecto\/wp-content\/uploads\/2025\/07\/ESPIRAL-LECTO-1350-768x768.jpg 768w\" sizes=\"(max-width: 1350px) 100vw, 1350px\" \/><\/figure>\n\n\n\n<hr class=\"wp-block-separator has-text-color has-contrast-color has-alpha-channel-opacity has-contrast-background-color has-background is-style-dots\" style=\"margin-top:var(--wp--preset--spacing--60);margin-bottom:var(--wp--preset--spacing--60)\"\/>\n\n\n\n<p><a href=\"rodrigo@lecto.ar\" data-type=\"link\" data-id=\"rodrigo@lecto.ar\">Rodrigo Reyes Lagos<\/a> \/ <em>Gesti\u00f3n, impresi\u00f3n y edici\u00f3n<\/em><\/p>\n\n\n\n<p><a href=\"gestion@mauroliver.com.ar\">Mauro Oliver<\/a> \/ <em>Gesti\u00f3n, edici\u00f3n y dise\u00f1o<\/em><\/p>\n\n\n\n<p><a href=\"Joacoreyesrodriguez@gmail.com\">Joaqu\u00edn Reyes<\/a> \/ <em>H\u00e1bitat <\/em>I+D+3D <\/p>\n\n\n\n<p><a href=\"Julireyes@live.com\">Juieta Reyes<\/a> \/ <em>Direcci\u00f3n administrativa<\/em><\/p>\n\n\n\n<p><\/p>\n","protected":false},"excerpt":{"rendered":"<p>Artesanos del oficio gr\u00e1fico Concebimos un c\u00edrculo virtuoso cuyo dinamismo surge de la relaci\u00f3n estrat\u00e9gica que les proponemos a los autores y artistas para acompa\u00f1arlos en sus proyectos, desde la creaci\u00f3n hasta el objeto, trabajando juntos \u2014desde la edici\u00f3n, el dise\u00f1o y la comunicaci\u00f3n\u2014 para atender toda la cadena de valor sociocultural y art\u00edstico requerida [&hellip;]<\/p>\n","protected":false},"author":1,"featured_media":333,"parent":82,"menu_order":1,"comment_status":"closed","ping_status":"closed","template":"","meta":{"footnotes":""},"class_list":["post-2","page","type-page","status-publish","has-post-thumbnail","hentry"],"yoast_head":"<!-- This site is optimized with the Yoast SEO plugin v25.8 - https:\/\/yoast.com\/wordpress\/plugins\/seo\/ -->\n<title>Lectoeditores - LECTO<\/title>\n<meta name=\"robots\" content=\"index, follow, max-snippet:-1, max-image-preview:large, max-video-preview:-1\" \/>\n<link rel=\"canonical\" href=\"https:\/\/perfilvirtual.ar\/lecto\/ediciones\/lecto-editores\/\" \/>\n<meta property=\"og:locale\" content=\"es_ES\" \/>\n<meta property=\"og:type\" content=\"article\" \/>\n<meta property=\"og:title\" content=\"Lectoeditores - LECTO\" \/>\n<meta property=\"og:description\" content=\"Artesanos del oficio gr\u00e1fico Concebimos un c\u00edrculo virtuoso cuyo dinamismo surge de la relaci\u00f3n estrat\u00e9gica que les proponemos a los autores y artistas para acompa\u00f1arlos en sus proyectos, desde la creaci\u00f3n hasta el objeto, trabajando juntos \u2014desde la edici\u00f3n, el dise\u00f1o y la comunicaci\u00f3n\u2014 para atender toda la cadena de valor sociocultural y art\u00edstico requerida [&hellip;]\" \/>\n<meta property=\"og:url\" content=\"https:\/\/perfilvirtual.ar\/lecto\/ediciones\/lecto-editores\/\" \/>\n<meta property=\"og:site_name\" content=\"LECTO\" \/>\n<meta property=\"article:modified_time\" content=\"2025-09-08T16:14:54+00:00\" \/>\n<meta property=\"og:image\" content=\"https:\/\/perfilvirtual.ar\/lecto\/wp-content\/uploads\/2025\/08\/FRENTE-CASA-RODRIGO-AUTOS-IMG_8765-1920-1080x774.jpg\" \/>\n\t<meta property=\"og:image:width\" content=\"1080\" \/>\n\t<meta property=\"og:image:height\" content=\"774\" \/>\n\t<meta property=\"og:image:type\" content=\"image\/jpeg\" \/>\n<meta name=\"twitter:card\" content=\"summary_large_image\" \/>\n<meta name=\"twitter:label1\" content=\"Tiempo de lectura\" \/>\n\t<meta name=\"twitter:data1\" content=\"1 minuto\" \/>\n<script type=\"application\/ld+json\" class=\"yoast-schema-graph\">{\"@context\":\"https:\/\/schema.org\",\"@graph\":[{\"@type\":\"WebPage\",\"@id\":\"https:\/\/perfilvirtual.ar\/lecto\/ediciones\/lecto-editores\/\",\"url\":\"https:\/\/perfilvirtual.ar\/lecto\/ediciones\/lecto-editores\/\",\"name\":\"Lectoeditores - LECTO\",\"isPartOf\":{\"@id\":\"https:\/\/perfilvirtual.ar\/lecto\/#website\"},\"primaryImageOfPage\":{\"@id\":\"https:\/\/perfilvirtual.ar\/lecto\/ediciones\/lecto-editores\/#primaryimage\"},\"image\":{\"@id\":\"https:\/\/perfilvirtual.ar\/lecto\/ediciones\/lecto-editores\/#primaryimage\"},\"thumbnailUrl\":\"https:\/\/perfilvirtual.ar\/lecto\/wp-content\/uploads\/2025\/08\/FRENTE-CASA-RODRIGO-AUTOS-IMG_8765-1920.jpg\",\"datePublished\":\"2025-07-28T12:37:09+00:00\",\"dateModified\":\"2025-09-08T16:14:54+00:00\",\"breadcrumb\":{\"@id\":\"https:\/\/perfilvirtual.ar\/lecto\/ediciones\/lecto-editores\/#breadcrumb\"},\"inLanguage\":\"es-AR\",\"potentialAction\":[{\"@type\":\"ReadAction\",\"target\":[\"https:\/\/perfilvirtual.ar\/lecto\/ediciones\/lecto-editores\/\"]}]},{\"@type\":\"ImageObject\",\"inLanguage\":\"es-AR\",\"@id\":\"https:\/\/perfilvirtual.ar\/lecto\/ediciones\/lecto-editores\/#primaryimage\",\"url\":\"https:\/\/perfilvirtual.ar\/lecto\/wp-content\/uploads\/2025\/08\/FRENTE-CASA-RODRIGO-AUTOS-IMG_8765-1920.jpg\",\"contentUrl\":\"https:\/\/perfilvirtual.ar\/lecto\/wp-content\/uploads\/2025\/08\/FRENTE-CASA-RODRIGO-AUTOS-IMG_8765-1920.jpg\",\"width\":1920,\"height\":1376},{\"@type\":\"BreadcrumbList\",\"@id\":\"https:\/\/perfilvirtual.ar\/lecto\/ediciones\/lecto-editores\/#breadcrumb\",\"itemListElement\":[{\"@type\":\"ListItem\",\"position\":1,\"name\":\"Inicio\",\"item\":\"https:\/\/perfilvirtual.ar\/lecto\/\"},{\"@type\":\"ListItem\",\"position\":2,\"name\":\"Ediciones\",\"item\":\"https:\/\/perfilvirtual.ar\/lecto\/\"},{\"@type\":\"ListItem\",\"position\":3,\"name\":\"Lectoeditores\"}]},{\"@type\":\"WebSite\",\"@id\":\"https:\/\/perfilvirtual.ar\/lecto\/#website\",\"url\":\"https:\/\/perfilvirtual.ar\/lecto\/\",\"name\":\"LECTO\",\"description\":\"Servicios y productos reales para proponer conversaciones ideales\u00a0\",\"potentialAction\":[{\"@type\":\"SearchAction\",\"target\":{\"@type\":\"EntryPoint\",\"urlTemplate\":\"https:\/\/perfilvirtual.ar\/lecto\/?s={search_term_string}\"},\"query-input\":{\"@type\":\"PropertyValueSpecification\",\"valueRequired\":true,\"valueName\":\"search_term_string\"}}],\"inLanguage\":\"es-AR\"}]}<\/script>\n<!-- \/ Yoast SEO plugin. -->","yoast_head_json":{"title":"Lectoeditores - LECTO","robots":{"index":"index","follow":"follow","max-snippet":"max-snippet:-1","max-image-preview":"max-image-preview:large","max-video-preview":"max-video-preview:-1"},"canonical":"https:\/\/perfilvirtual.ar\/lecto\/ediciones\/lecto-editores\/","og_locale":"es_ES","og_type":"article","og_title":"Lectoeditores - LECTO","og_description":"Artesanos del oficio gr\u00e1fico Concebimos un c\u00edrculo virtuoso cuyo dinamismo surge de la relaci\u00f3n estrat\u00e9gica que les proponemos a los autores y artistas para acompa\u00f1arlos en sus proyectos, desde la creaci\u00f3n hasta el objeto, trabajando juntos \u2014desde la edici\u00f3n, el dise\u00f1o y la comunicaci\u00f3n\u2014 para atender toda la cadena de valor sociocultural y art\u00edstico requerida [&hellip;]","og_url":"https:\/\/perfilvirtual.ar\/lecto\/ediciones\/lecto-editores\/","og_site_name":"LECTO","article_modified_time":"2025-09-08T16:14:54+00:00","og_image":[{"width":1080,"height":774,"url":"https:\/\/perfilvirtual.ar\/lecto\/wp-content\/uploads\/2025\/08\/FRENTE-CASA-RODRIGO-AUTOS-IMG_8765-1920-1080x774.jpg","type":"image\/jpeg"}],"twitter_card":"summary_large_image","twitter_misc":{"Tiempo de lectura":"1 minuto"},"schema":{"@context":"https:\/\/schema.org","@graph":[{"@type":"WebPage","@id":"https:\/\/perfilvirtual.ar\/lecto\/ediciones\/lecto-editores\/","url":"https:\/\/perfilvirtual.ar\/lecto\/ediciones\/lecto-editores\/","name":"Lectoeditores - LECTO","isPartOf":{"@id":"https:\/\/perfilvirtual.ar\/lecto\/#website"},"primaryImageOfPage":{"@id":"https:\/\/perfilvirtual.ar\/lecto\/ediciones\/lecto-editores\/#primaryimage"},"image":{"@id":"https:\/\/perfilvirtual.ar\/lecto\/ediciones\/lecto-editores\/#primaryimage"},"thumbnailUrl":"https:\/\/perfilvirtual.ar\/lecto\/wp-content\/uploads\/2025\/08\/FRENTE-CASA-RODRIGO-AUTOS-IMG_8765-1920.jpg","datePublished":"2025-07-28T12:37:09+00:00","dateModified":"2025-09-08T16:14:54+00:00","breadcrumb":{"@id":"https:\/\/perfilvirtual.ar\/lecto\/ediciones\/lecto-editores\/#breadcrumb"},"inLanguage":"es-AR","potentialAction":[{"@type":"ReadAction","target":["https:\/\/perfilvirtual.ar\/lecto\/ediciones\/lecto-editores\/"]}]},{"@type":"ImageObject","inLanguage":"es-AR","@id":"https:\/\/perfilvirtual.ar\/lecto\/ediciones\/lecto-editores\/#primaryimage","url":"https:\/\/perfilvirtual.ar\/lecto\/wp-content\/uploads\/2025\/08\/FRENTE-CASA-RODRIGO-AUTOS-IMG_8765-1920.jpg","contentUrl":"https:\/\/perfilvirtual.ar\/lecto\/wp-content\/uploads\/2025\/08\/FRENTE-CASA-RODRIGO-AUTOS-IMG_8765-1920.jpg","width":1920,"height":1376},{"@type":"BreadcrumbList","@id":"https:\/\/perfilvirtual.ar\/lecto\/ediciones\/lecto-editores\/#breadcrumb","itemListElement":[{"@type":"ListItem","position":1,"name":"Inicio","item":"https:\/\/perfilvirtual.ar\/lecto\/"},{"@type":"ListItem","position":2,"name":"Ediciones","item":"https:\/\/perfilvirtual.ar\/lecto\/"},{"@type":"ListItem","position":3,"name":"Lectoeditores"}]},{"@type":"WebSite","@id":"https:\/\/perfilvirtual.ar\/lecto\/#website","url":"https:\/\/perfilvirtual.ar\/lecto\/","name":"LECTO","description":"Servicios y productos reales para proponer conversaciones ideales\u00a0","potentialAction":[{"@type":"SearchAction","target":{"@type":"EntryPoint","urlTemplate":"https:\/\/perfilvirtual.ar\/lecto\/?s={search_term_string}"},"query-input":{"@type":"PropertyValueSpecification","valueRequired":true,"valueName":"search_term_string"}}],"inLanguage":"es-AR"}]}},"_links":{"self":[{"href":"https:\/\/perfilvirtual.ar\/lecto\/wp-json\/wp\/v2\/pages\/2","targetHints":{"allow":["GET"]}}],"collection":[{"href":"https:\/\/perfilvirtual.ar\/lecto\/wp-json\/wp\/v2\/pages"}],"about":[{"href":"https:\/\/perfilvirtual.ar\/lecto\/wp-json\/wp\/v2\/types\/page"}],"author":[{"embeddable":true,"href":"https:\/\/perfilvirtual.ar\/lecto\/wp-json\/wp\/v2\/users\/1"}],"replies":[{"embeddable":true,"href":"https:\/\/perfilvirtual.ar\/lecto\/wp-json\/wp\/v2\/comments?post=2"}],"version-history":[{"count":15,"href":"https:\/\/perfilvirtual.ar\/lecto\/wp-json\/wp\/v2\/pages\/2\/revisions"}],"predecessor-version":[{"id":357,"href":"https:\/\/perfilvirtual.ar\/lecto\/wp-json\/wp\/v2\/pages\/2\/revisions\/357"}],"up":[{"embeddable":true,"href":"https:\/\/perfilvirtual.ar\/lecto\/wp-json\/wp\/v2\/pages\/82"}],"wp:featuredmedia":[{"embeddable":true,"href":"https:\/\/perfilvirtual.ar\/lecto\/wp-json\/wp\/v2\/media\/333"}],"wp:attachment":[{"href":"https:\/\/perfilvirtual.ar\/lecto\/wp-json\/wp\/v2\/media?parent=2"}],"curies":[{"name":"wp","href":"https:\/\/api.w.org\/{rel}","templated":true}]}}