{"id":105,"date":"2025-07-30T21:17:59","date_gmt":"2025-07-31T00:17:59","guid":{"rendered":"https:\/\/perfilvirtual.ar\/lecto\/?page_id=105"},"modified":"2025-08-22T15:10:40","modified_gmt":"2025-08-22T18:10:40","slug":"fine-arts","status":"publish","type":"page","link":"https:\/\/perfilvirtual.ar\/lecto\/ediciones\/impresion-offset-digital\/fine-arts\/","title":{"rendered":"Fine Arts"},"content":{"rendered":"\n<p><em>\u201cFine Arts\u201d<\/em> es un concepto est\u00e9tico tecnol\u00f3gico relacionado hist\u00f3ricamente con la alta calidad de <a href=\"https:\/\/perfilvirtual.ar\/lecto\/ediciones\/\" target=\"_blank\" rel=\"noreferrer noopener\">edici\u00f3n e impresi\u00f3n de libros<\/a> y <a href=\"https:\/\/perfilvirtual.ar\/lecto\/ediciones\/reproduccion-de-obra\/\" target=\"_blank\" rel=\"noreferrer noopener\">reproducci\u00f3n de obras de arte<\/a>.<\/p>\n\n\n\n<p>Con ese indicador de calidad como Norte, en LECTO nos ocupamos muy a conciencia de todos los aspectos conceptuales, t\u00e9cnicos y est\u00e9ticos que condicionan \u2014y potencian\u2014 el proceso de creaci\u00f3n de contenidos imagin\u00edsticos de alta calidad, validados por los mercados globales del arte y la comunicaci\u00f3n. <\/p>\n","protected":false},"excerpt":{"rendered":"<p>\u201cFine Arts\u201d es un concepto est\u00e9tico tecnol\u00f3gico relacionado hist\u00f3ricamente con la alta calidad de edici\u00f3n e impresi\u00f3n de libros y reproducci\u00f3n de obras de arte. Con ese indicador de calidad como Norte, en LECTO nos ocupamos muy a conciencia de todos los aspectos conceptuales, t\u00e9cnicos y est\u00e9ticos que condicionan \u2014y potencian\u2014 el proceso de creaci\u00f3n [&hellip;]<\/p>\n","protected":false},"author":1,"featured_media":0,"parent":86,"menu_order":1,"comment_status":"closed","ping_status":"closed","template":"","meta":{"footnotes":""},"class_list":["post-105","page","type-page","status-publish","hentry"],"yoast_head":"<!-- This site is optimized with the Yoast SEO plugin v25.8 - https:\/\/yoast.com\/wordpress\/plugins\/seo\/ -->\n<title>Fine Arts - LECTO<\/title>\n<meta name=\"robots\" content=\"index, follow, max-snippet:-1, max-image-preview:large, max-video-preview:-1\" \/>\n<link rel=\"canonical\" href=\"https:\/\/perfilvirtual.ar\/lecto\/ediciones\/impresion-offset-digital\/fine-arts\/\" \/>\n<meta property=\"og:locale\" content=\"es_ES\" \/>\n<meta property=\"og:type\" content=\"article\" \/>\n<meta property=\"og:title\" content=\"Fine Arts - LECTO\" \/>\n<meta property=\"og:description\" content=\"\u201cFine Arts\u201d es un concepto est\u00e9tico tecnol\u00f3gico relacionado hist\u00f3ricamente con la alta calidad de edici\u00f3n e impresi\u00f3n de libros y reproducci\u00f3n de obras de arte. Con ese indicador de calidad como Norte, en LECTO nos ocupamos muy a conciencia de todos los aspectos conceptuales, t\u00e9cnicos y est\u00e9ticos que condicionan \u2014y potencian\u2014 el proceso de creaci\u00f3n [&hellip;]\" \/>\n<meta property=\"og:url\" content=\"https:\/\/perfilvirtual.ar\/lecto\/ediciones\/impresion-offset-digital\/fine-arts\/\" \/>\n<meta property=\"og:site_name\" content=\"LECTO\" \/>\n<meta property=\"article:modified_time\" content=\"2025-08-22T18:10:40+00:00\" \/>\n<meta name=\"twitter:card\" content=\"summary_large_image\" \/>\n<script type=\"application\/ld+json\" class=\"yoast-schema-graph\">{\"@context\":\"https:\/\/schema.org\",\"@graph\":[{\"@type\":\"WebPage\",\"@id\":\"https:\/\/perfilvirtual.ar\/lecto\/ediciones\/impresion-offset-digital\/fine-arts\/\",\"url\":\"https:\/\/perfilvirtual.ar\/lecto\/ediciones\/impresion-offset-digital\/fine-arts\/\",\"name\":\"Fine Arts - LECTO\",\"isPartOf\":{\"@id\":\"https:\/\/perfilvirtual.ar\/lecto\/#website\"},\"datePublished\":\"2025-07-31T00:17:59+00:00\",\"dateModified\":\"2025-08-22T18:10:40+00:00\",\"breadcrumb\":{\"@id\":\"https:\/\/perfilvirtual.ar\/lecto\/ediciones\/impresion-offset-digital\/fine-arts\/#breadcrumb\"},\"inLanguage\":\"es-AR\",\"potentialAction\":[{\"@type\":\"ReadAction\",\"target\":[\"https:\/\/perfilvirtual.ar\/lecto\/ediciones\/impresion-offset-digital\/fine-arts\/\"]}]},{\"@type\":\"BreadcrumbList\",\"@id\":\"https:\/\/perfilvirtual.ar\/lecto\/ediciones\/impresion-offset-digital\/fine-arts\/#breadcrumb\",\"itemListElement\":[{\"@type\":\"ListItem\",\"position\":1,\"name\":\"Inicio\",\"item\":\"https:\/\/perfilvirtual.ar\/lecto\/\"},{\"@type\":\"ListItem\",\"position\":2,\"name\":\"Ediciones\",\"item\":\"https:\/\/perfilvirtual.ar\/lecto\/\"},{\"@type\":\"ListItem\",\"position\":3,\"name\":\"Impresi\u00f3n offset digital\",\"item\":\"https:\/\/perfilvirtual.ar\/lecto\/ediciones\/impresion-offset-digital\/\"},{\"@type\":\"ListItem\",\"position\":4,\"name\":\"Fine Arts\"}]},{\"@type\":\"WebSite\",\"@id\":\"https:\/\/perfilvirtual.ar\/lecto\/#website\",\"url\":\"https:\/\/perfilvirtual.ar\/lecto\/\",\"name\":\"LECTO\",\"description\":\"Servicios y productos reales para proponer conversaciones ideales\u00a0\",\"potentialAction\":[{\"@type\":\"SearchAction\",\"target\":{\"@type\":\"EntryPoint\",\"urlTemplate\":\"https:\/\/perfilvirtual.ar\/lecto\/?s={search_term_string}\"},\"query-input\":{\"@type\":\"PropertyValueSpecification\",\"valueRequired\":true,\"valueName\":\"search_term_string\"}}],\"inLanguage\":\"es-AR\"}]}<\/script>\n<!-- \/ Yoast SEO plugin. -->","yoast_head_json":{"title":"Fine Arts - LECTO","robots":{"index":"index","follow":"follow","max-snippet":"max-snippet:-1","max-image-preview":"max-image-preview:large","max-video-preview":"max-video-preview:-1"},"canonical":"https:\/\/perfilvirtual.ar\/lecto\/ediciones\/impresion-offset-digital\/fine-arts\/","og_locale":"es_ES","og_type":"article","og_title":"Fine Arts - LECTO","og_description":"\u201cFine Arts\u201d es un concepto est\u00e9tico tecnol\u00f3gico relacionado hist\u00f3ricamente con la alta calidad de edici\u00f3n e impresi\u00f3n de libros y reproducci\u00f3n de obras de arte. Con ese indicador de calidad como Norte, en LECTO nos ocupamos muy a conciencia de todos los aspectos conceptuales, t\u00e9cnicos y est\u00e9ticos que condicionan \u2014y potencian\u2014 el proceso de creaci\u00f3n [&hellip;]","og_url":"https:\/\/perfilvirtual.ar\/lecto\/ediciones\/impresion-offset-digital\/fine-arts\/","og_site_name":"LECTO","article_modified_time":"2025-08-22T18:10:40+00:00","twitter_card":"summary_large_image","schema":{"@context":"https:\/\/schema.org","@graph":[{"@type":"WebPage","@id":"https:\/\/perfilvirtual.ar\/lecto\/ediciones\/impresion-offset-digital\/fine-arts\/","url":"https:\/\/perfilvirtual.ar\/lecto\/ediciones\/impresion-offset-digital\/fine-arts\/","name":"Fine Arts - LECTO","isPartOf":{"@id":"https:\/\/perfilvirtual.ar\/lecto\/#website"},"datePublished":"2025-07-31T00:17:59+00:00","dateModified":"2025-08-22T18:10:40+00:00","breadcrumb":{"@id":"https:\/\/perfilvirtual.ar\/lecto\/ediciones\/impresion-offset-digital\/fine-arts\/#breadcrumb"},"inLanguage":"es-AR","potentialAction":[{"@type":"ReadAction","target":["https:\/\/perfilvirtual.ar\/lecto\/ediciones\/impresion-offset-digital\/fine-arts\/"]}]},{"@type":"BreadcrumbList","@id":"https:\/\/perfilvirtual.ar\/lecto\/ediciones\/impresion-offset-digital\/fine-arts\/#breadcrumb","itemListElement":[{"@type":"ListItem","position":1,"name":"Inicio","item":"https:\/\/perfilvirtual.ar\/lecto\/"},{"@type":"ListItem","position":2,"name":"Ediciones","item":"https:\/\/perfilvirtual.ar\/lecto\/"},{"@type":"ListItem","position":3,"name":"Impresi\u00f3n offset digital","item":"https:\/\/perfilvirtual.ar\/lecto\/ediciones\/impresion-offset-digital\/"},{"@type":"ListItem","position":4,"name":"Fine Arts"}]},{"@type":"WebSite","@id":"https:\/\/perfilvirtual.ar\/lecto\/#website","url":"https:\/\/perfilvirtual.ar\/lecto\/","name":"LECTO","description":"Servicios y productos reales para proponer conversaciones ideales\u00a0","potentialAction":[{"@type":"SearchAction","target":{"@type":"EntryPoint","urlTemplate":"https:\/\/perfilvirtual.ar\/lecto\/?s={search_term_string}"},"query-input":{"@type":"PropertyValueSpecification","valueRequired":true,"valueName":"search_term_string"}}],"inLanguage":"es-AR"}]}},"_links":{"self":[{"href":"https:\/\/perfilvirtual.ar\/lecto\/wp-json\/wp\/v2\/pages\/105","targetHints":{"allow":["GET"]}}],"collection":[{"href":"https:\/\/perfilvirtual.ar\/lecto\/wp-json\/wp\/v2\/pages"}],"about":[{"href":"https:\/\/perfilvirtual.ar\/lecto\/wp-json\/wp\/v2\/types\/page"}],"author":[{"embeddable":true,"href":"https:\/\/perfilvirtual.ar\/lecto\/wp-json\/wp\/v2\/users\/1"}],"replies":[{"embeddable":true,"href":"https:\/\/perfilvirtual.ar\/lecto\/wp-json\/wp\/v2\/comments?post=105"}],"version-history":[{"count":4,"href":"https:\/\/perfilvirtual.ar\/lecto\/wp-json\/wp\/v2\/pages\/105\/revisions"}],"predecessor-version":[{"id":300,"href":"https:\/\/perfilvirtual.ar\/lecto\/wp-json\/wp\/v2\/pages\/105\/revisions\/300"}],"up":[{"embeddable":true,"href":"https:\/\/perfilvirtual.ar\/lecto\/wp-json\/wp\/v2\/pages\/86"}],"wp:attachment":[{"href":"https:\/\/perfilvirtual.ar\/lecto\/wp-json\/wp\/v2\/media?parent=105"}],"curies":[{"name":"wp","href":"https:\/\/api.w.org\/{rel}","templated":true}]}}