{"id":63178,"date":"2023-10-18T15:50:46","date_gmt":"2023-10-18T15:50:46","guid":{"rendered":"https:\/\/janus.bio\/?page_id=63178"},"modified":"2025-06-10T03:04:38","modified_gmt":"2025-06-10T03:04:38","slug":"parador-janus-alojamiento-descanso-y-alimento-vital","status":"publish","type":"page","link":"https:\/\/perfilvirtual.ar\/janus\/parador-janus-alojamiento-descanso-y-alimento-vital\/","title":{"rendered":"Parador Janus: alojamiento, descanso y alimento vital"},"content":{"rendered":"<p>Los esperamos en Parador Janus, el umbral de la Patagonia, para recibirlos durante todo el a\u00f1o con alojamiento, descanso y alimento vital, un oasis entre la ruta y el r\u00edo<\/p>\n<p><a href=\"https:\/\/janus.bio\/nueva-ruralidad-y-el-buen-vivir\/\" target=\"_blank\" rel=\"noopener\"><strong>Nueva Ruralidad<\/strong> <\/a>es el concepto que utilizamos para inscribir nuestro modelo de comunidades rurales sustentables, enfocado en el desarrollo territorial mediante villas productivas agroecol\u00f3gicas, basado en los principios de la Agricultura Biodin\u00e1mica. En este marco se inscribe la propuesta de nuestro <a href=\"https:\/\/janus.bio\/parador\" target=\"_blank\" rel=\"noopener\"><strong>Parador Janus<\/strong><\/a>, donde ofrecemos el entorno ideal para ser protagonistas de la<a href=\"https:\/\/janus.bio\/experiencia-biodinamica\/\" target=\"_blank\" rel=\"noopener\"><strong> Experiencia Biodin\u00e1mica<\/strong><\/a>.<\/p>\n<p>&nbsp;<\/p>\n<p><iframe loading=\"lazy\" class=\"aligncenter\" title=\"YouTube video player\" src=\"https:\/\/www.youtube.com\/embed\/pSf9uEHtDJE\" width=\"300\" height=\"169\" frameborder=\"0\" allowfullscreen=\"allowfullscreen\"><\/iframe><\/p>\n<p>&nbsp;<\/p>\n<blockquote><p><strong>Alojamiento, descanso y alimento vital<\/strong><\/p><\/blockquote>\n<p><img loading=\"lazy\" decoding=\"async\" class=\"aligncenter wp-image-63517\" src=\"https:\/\/janus.bio\/wp-content\/uploads\/2023\/10\/PARADOR-ESPACIO-AURAL-FOTO-DRONE-BONGIOVANI-1200.jpg \" alt=\"Alojamiento, descanso y alimento vital\" width=\"480\" height=\"252\" \/><\/p>\n<p>Los esperamos con la tranquera abierta en Parador Janus, el umbral de la Patagonia \u2014ubicado en Contralmirante Cordero, R\u00edo Negro, en el km 24,5 de la Ruta Nacional 151 y a orillas del R\u00edo Neuqu\u00e9n\u2014, para ofrecerles alojamiento, descanso y alimento vital para viajeros, visitantes, familias y grupos que necesiten un entorno integrador de suelo f\u00e9rtil y cielo abierto donde disfrutar naturaleza y servicios, incluyendo el Espacio Aural, un sal\u00f3n de usos m\u00faltiples totalmente equipado para 40 personas.<\/p>\n<p><span style=\"font-weight: 400;\">Conociendo la diversidad de visitantes que podemos recibir, de sur a norte y de este a oeste, concebimos una configuraci\u00f3n de capacidad instalada que otorga confort y simpleza.<\/span><\/p>\n<p><iframe loading=\"lazy\" class=\"aligncenter\" title=\"YouTube video player\" src=\"https:\/\/www.youtube.com\/embed\/mn8Ux4OgjFk\" width=\"300\" height=\"169\" frameborder=\"0\" allowfullscreen=\"allowfullscreen\"><\/iframe><\/p>\n<h4><a href=\"https:\/\/janus.bio\/parador\" target=\"_blank\" rel=\"noopener\">RESERVAS<\/a><\/h4>\n<p>Enfocados en ofrecerles a\u00a0los\u00a0<a href=\"https:\/\/janus.bio\/2019\/08\/13\/experiencia-biodinamica-viajeros-2\/\" target=\"_blank\" rel=\"noopener noreferrer\"><strong>viajeros<\/strong><\/a> de todo el mundo las mejores opciones de acceso a nuestras instalaciones, en el siguiente enlace podr\u00e1n hacer su reserva directamente:<\/p>\n<p><a href=\"https:\/\/janus.bio\/parador\" target=\"_blank\" rel=\"noopener\"><img loading=\"lazy\" decoding=\"async\" class=\"aligncenter wp-image-60999 size-medium\" title=\"\u00a1Hac\u00e9 tu reserva en Parador Janus!\" src=\"https:\/\/janus.bio\/wp-content\/uploads\/2023\/03\/PLACA-PARADOR-RESERVAS-CUADRADA-MANITO-CLICK-1080.jpg\" alt=\"Alojamiento, descanso y alimento\" width=\"300\" height=\"300\" \/><\/a><\/p>\n<p>Presentamos a continuaci\u00f3n las diferentes opciones que hemos creado para que disfruten de nuestra propuesta de alojamiento, descanso y alimento vital:<\/p>\n<h4><a href=\"https:\/\/janus.bio\/2020\/01\/15\/janus-espacio-aural-comunidad-y-alimento\/\" target=\"_blank\" rel=\"noopener noreferrer\"><strong>ESPACIO AURAL<\/strong><\/a><em><strong>, comunidad y alimento<\/strong><\/em><\/h4>\n<p>Presentamos nuestro m\u00e1s acabado logro: <a href=\"https:\/\/janus.bio\/2020\/01\/15\/janus-espacio-aural-comunidad-y-alimento\/\" target=\"_blank\" rel=\"noopener noreferrer\"><strong>Janus Espacio Aural, Comunidad y Alimento<\/strong><\/a>, un amplio y luminoso\u00a0lugar com\u00fan de usos m\u00faltiples, ubicado en los alrededores del\u00a0<a href=\"https:\/\/janus.bio\/2019\/02\/28\/parador-janus-area-de-servicios\/\" target=\"_blank\" rel=\"noopener noreferrer\"><b>\u00c1rea de Servicios<\/b><\/a>, con vistas de privilegio hacia la zona productiva, la huerta y los invernaderos.<\/p>\n<h4><b><\/b><a href=\"https:\/\/janus.bio\/2019\/02\/28\/parador-janus-area-de-servicios\/\" target=\"_blank\" rel=\"noopener noreferrer\"><b>\u00c1REA DE SERVICIOS<\/b><\/a><em><strong>, todo lo necesario al alcance de la mano<\/strong><\/em><\/h4>\n<p><span style=\"font-weight: 400;\">Estrat\u00e9gicamente ubicada en el coraz\u00f3n del bosque patag\u00f3nico lindero con la huerta,\u00a0el\u00a0<strong>\u00c1rea de Servicios<\/strong>\u00a0es\u00a0un\u00a0espacio de uso compartido que ofrecemos para garantizar\u00a0el disfrute de visitantes, residentes y viajeros durante su estad\u00eda en\u00a0<strong>Parador Janus<\/strong>\u00a0y cuenta con las siguientes facilidades: <\/span><span style=\"font-weight: 400;\"><a href=\"https:\/\/janus.bio\/2019\/03\/01\/parador-janus-lavadero-vestuarios-y-sanitarios\/\" target=\"_blank\" rel=\"noopener noreferrer\"><strong>Lavadero, vestuarios y sanitarios<\/strong><\/a> <\/span><span style=\"font-weight: 400;\">y <\/span><a href=\"https:\/\/janus.bio\/2019\/03\/05\/parador-janus-pergola-en-galeria\/\" target=\"_blank\" rel=\"noopener noreferrer\"><span style=\"font-weight: 400;\"><strong>P\u00e9rgola en galer\u00eda<\/strong><\/span><\/a><\/p>\n<h4><a href=\"https:\/\/janus.bio\/2019\/02\/28\/parador-janus-dormis\" target=\"_blank\" rel=\"noopener noreferrer\"><b>DORMIS<\/b><\/a><em><strong>, compartiendo un h\u00e1bitat confortable<\/strong><\/em><\/h4>\n<p><span style=\"font-weight: 400;\">Ofrecemos dos habitaciones contiguas, totalmente equipadas y confortables ubicadas en la planta alta del <\/span><a href=\"https:\/\/janus.bio\/2019\/02\/28\/parador-janus-area-de-servicios\/\" target=\"_blank\" rel=\"noopener noreferrer\"><b>\u00c1rea de Servicios<\/b><\/a><span style=\"font-weight: 400;\">:<\/span><\/p>\n<p><a href=\"https:\/\/janus.bio\/2019\/03\/01\/parador-janus-dormi-familiar\/\" target=\"_blank\" rel=\"noopener noreferrer\"><strong>Dormi 4 pax.<\/strong><\/a><em><span style=\"font-weight: 400;\"> 2 camas cucheta\u00a0<\/span><\/em><\/p>\n<p><a href=\"https:\/\/janus.bio\/2019\/03\/01\/parador-janus-dormi-grupal\/\" target=\"_blank\" rel=\"noopener noreferrer\"><strong>Dormi 8 pax.<\/strong><\/a><span style=\"font-weight: 400;\">\u00a0<em>4 camas cuchetas (8 plazas en total)<\/em><\/span><\/p>\n<h4><a href=\"https:\/\/janus.bio\/2019\/02\/28\/parador-janus-acampe\/\" target=\"_blank\" rel=\"noopener noreferrer\"><b>ACAMPE<\/b><\/a><em><strong>, en contacto directo con la naturaleza<\/strong><\/em><\/h4>\n<p><span style=\"font-weight: 400;\">En las proximidades del\u00a0<a href=\"https:\/\/janus.bio\/2019\/02\/28\/parador-janus-area-de-servicios\/\" target=\"_blank\" rel=\"noopener noreferrer\"><b>\u00c1rea de Servicios<\/b><\/a> y el <a href=\"https:\/\/janus.bio\/2020\/01\/15\/janus-espacio-aural-comunidad-y-alimento\/\" target=\"_blank\" rel=\"noopener noreferrer\"><b>Espacio Aural<\/b><\/a>\u00a0<\/span><span style=\"font-weight: 400;\">hemos acondicionado ciertos rincones del bosque entre \u00e1lamos, acacias, olivillos y la vegetaci\u00f3n, donde se podr\u00e1n ubicar a gusto quienes lleguen al <strong>Parador Janus<\/strong> con motorhome, casillas rodantes y carpas, desde donde podr\u00e1n acceder a todas nuestras facilidades.<\/span><\/p>\n<h4><a href=\"https:\/\/janus.bio\/2019\/08\/22\/experiencia-biodinamica-estadia-diurna\/\" target=\"_blank\" rel=\"noopener noreferrer\"><b>ESTAD\u00cdA DIURNA<\/b><\/a><em><strong>, la duraci\u00f3n justa para disfrutar<\/strong><\/em><\/h4>\n<p><span style=\"font-weight: 400;\">Para quienes pasen a conocer y de visita algunas horas sin pernoctar, tendr\u00e1n tambi\u00e9n a disposici\u00f3n tanto las instalaciones del\u00a0<a href=\"https:\/\/janus.bio\/2019\/02\/28\/parador-janus-area-de-servicios\/\" target=\"_blank\" rel=\"noopener noreferrer\"><b>\u00c1rea de Servicios<\/b><\/a> y el\u00a0<a href=\"https:\/\/janus.bio\/2020\/01\/15\/janus-espacio-aural-comunidad-y-alimento\/\" target=\"_blank\" rel=\"noopener noreferrer\"><b>Espacio Aural<\/b><\/a><\/span><span style=\"font-weight: 400;\">, como as\u00ed tambi\u00e9n el resto de la granja y huerta para interiorizarse acerca de nuestra manera de trabajar y disfrutar de la naturaleza en un entorno agr\u00edcola productivo.<\/span><\/p>\n<p>&nbsp;<\/p>\n<h5><strong>Alojamiento Turismo Rural: Certificado de habilitaci\u00f3n\u00a0<\/strong><\/h5>\n<p>&nbsp;<\/p>\n<p>En nuestro camino de formalizaci\u00f3n, a fines de 2022 llegamos a obtener la Habilitaci\u00f3n Provincial, <a href=\"https:\/\/janus.bio\/2023\/03\/27\/un-paso-mas-en-el-presente-hacia-la-consolidacion-de-la-vision-janus-del-futuro\/\" target=\"_blank\" rel=\"noopener\"><strong>Un paso m\u00e1s en el presente hacia la consolidaci\u00f3n de la Visi\u00f3n Janus del futuro<\/strong><\/a>, que fuera oportunamente presentada en sociedad por el diario La Ma\u00f1ana de Cipolletti, <a href=\"https:\/\/www.lmcipolletti.com\/janus-el-nuevo-alojamiento-especializacion-turismo-rural-rio-negro-n952651\" target=\"_blank\" rel=\"noopener\"><strong>Janus, el nuevo alojamiento con especializaci\u00f3n en turismo rural de R\u00edo Negro<\/strong><\/a>.<\/p>\n<p><em>El proyecto rural integrador \u00abJanus\u00bb obtuvo su certificado de alojamiento con especializaci\u00f3n en turismo rural. El mismo fue otorgado por el Ministerio de Turismo y Deporte de R\u00edo Negro con el objetivo de jerarquizar la provisi\u00f3n de servicios que ofrece este establecimiento agroecol\u00f3gico.<\/em><\/p>\n<p><img loading=\"lazy\" decoding=\"async\" class=\"aligncenter wp-image-61478\" src=\"https:\/\/janus.bio\/wp-content\/uploads\/2023\/03\/HABILITACION-ALOJAMIENTO-300x158.jpg\" alt=\"Alojamiento, descanso y alimento\" width=\"720\" height=\"378\" srcset=\"https:\/\/perfilvirtual.ar\/janus\/wp-content\/uploads\/2023\/03\/HABILITACION-ALOJAMIENTO-300x158.jpg 300w, https:\/\/perfilvirtual.ar\/janus\/wp-content\/uploads\/2023\/03\/HABILITACION-ALOJAMIENTO-1024x538.jpg 1024w, https:\/\/perfilvirtual.ar\/janus\/wp-content\/uploads\/2023\/03\/HABILITACION-ALOJAMIENTO-768x403.jpg 768w, https:\/\/perfilvirtual.ar\/janus\/wp-content\/uploads\/2023\/03\/HABILITACION-ALOJAMIENTO-700x368.jpg 700w, https:\/\/perfilvirtual.ar\/janus\/wp-content\/uploads\/2023\/03\/HABILITACION-ALOJAMIENTO.jpg 1200w\" sizes=\"auto, (max-width: 720px) 100vw, 720px\" \/><\/p>\n<p>&nbsp;<\/p>\n<h5><strong>Men\u00fa Aural, Alimento Vital para reponer energ\u00edas<\/strong><\/h5>\n<p>&nbsp;<\/p>\n<p><!--<iframe loading=\"lazy\" title=\"YouTube video player\" src=\"https:\/\/www.youtube.com\/embed\/jOCyLyj8Ggk\" width=\"300\" height=\"169\" frameborder=\"0\" allowfullscreen=\"allowfullscreen\" data-mce-fragment=\"1\"><\/iframe>\n\n-->Presentamos nuestra propuesta gastron\u00f3mica saludable del <span style=\"font-weight: 400;\"><a href=\"https:\/\/janus.bio\/2023\/03\/23\/menu-aural-alimento-vital-para-reponer-energias\/\" target=\"_blank\" rel=\"noopener\"><strong>Men\u00fa Aural, alimento Vital para reponer energ\u00edas<\/strong><\/a><\/span> que ofrecemos a los hu\u00e9spedes, visitantes y viajeros que llegan al <a href=\"https:\/\/janus.bio\/parador-janus-alojamiento-descanso-y-alimento-vital\/\" target=\"_blank\" rel=\"noopener\"><strong>Parador Janus<\/strong><\/a>, el oasis que abre las puertas de la Patagonia recibiendo a quienes hacen un alto en su camino de ida o retorno atravesando las rutas argentinas.<\/p>\n<p>&nbsp;<\/p>\n<h5><strong>De chacra abandonada a oasis en el umbral de la Patagonia<\/strong><\/h5>\n<p>&nbsp;<\/p>\n<p><span style=\"font-weight: 400;\">Venimos trabajando desde 2009 en la reconversi\u00f3n de esta pr\u00f3diga tierra de colonos \u2014<a href=\"https:\/\/janus.bio\/la-chacra\/\" target=\"_blank\" rel=\"noopener\"><strong>una de las primeras chacras del Alto Valle<\/strong><\/a>\u2014, contenidos por el r\u00edo Neuqu\u00e9n y a la vera de la Ruta Nac. 151, una de las v\u00edas de comunicaci\u00f3n m\u00e1s importantes de la Confluencia, puerta de entrada y salida de la Patagonia para viajeros en distintas direcciones.<\/span><\/p>\n<p><span style=\"font-weight: 400;\">Desde el comienzo <\/span><span style=\"font-weight: 400;\">tuvimos presente que las relaciones humanas y el intercambio socioproductivo son componentes esenciales en la estructura vital de la granja sustentable, constituyendo un gran espacio de aprendizaje e inmersi\u00f3n en los fundamentos del modelo que propone la <\/span><a href=\"https:\/\/janus.bio\/agricultura-biodinamica\/\" target=\"_blank\" rel=\"noopener noreferrer\"><b>Agricultura Biodin\u00e1mica<\/b><\/a><span style=\"font-weight: 400;\">.<\/span><\/p>\n<p><span style=\"font-weight: 400;\">Respondiendo al prop\u00f3sito, con esta certeza y en paralelo con el desarrollo de la <strong>huerta<\/strong>, los\u00a0<strong>cultivos<\/strong>\u00a0y el\u00a0<strong>galp\u00f3n de elaboraci\u00f3n<\/strong>\u00a0para abastecer a nuestras\u00a0<\/span><a href=\"https:\/\/janus.bio\/alimentos-vitales-y-nutritivos\/\" target=\"_blank\" rel=\"noopener noreferrer\"><b>Familias Asociadas<\/b><\/a><span style=\"font-weight: 400;\">, tambi\u00e9n fuimos construyendo la infraestructura necesaria para garantizar la residencia y estad\u00eda de las familias que hacemos Janus.<\/span><\/p>\n<p><span style=\"font-weight: 400;\">Como nos gusta compartir en comunidad, nos propusimos ofrecer a <a href=\"https:\/\/janus.bio\/2019\/08\/13\/experiencia-biodinamica-visitantes\/\" target=\"_blank\" rel=\"noopener noreferrer\"><strong>visitantes<\/strong><\/a>,\u00a0 <a href=\"https:\/\/janus.bio\/2019\/08\/13\/experiencia-biodinamica-viajeros\/\" target=\"_blank\" rel=\"noopener noreferrer\"><strong>viajeros<\/strong><\/a>,\u00a0 <a href=\"https:\/\/janus.bio\/2019\/08\/24\/experiencia-biodinamica-retiros-grupales\/\" target=\"_blank\" rel=\"noopener noreferrer\"><strong>grupos<\/strong><\/a>\u00a0 y <a href=\"https:\/\/janus.bio\/2019\/08\/13\/experiencia-biodinamica-practicas-productivas\/\" target=\"_blank\" rel=\"noopener noreferrer\"><strong>practicantes<\/strong><\/a> una oferta m\u00faltiple de alojamiento, descanso y alimento vital, de modo que nos permita consociar naturaleza y servicio.<\/span><\/p>\n<p>Con el prop\u00f3sito de lograr una mayor fluidez en los intercambios y organizar nuestra agenda para garantizar la mejor atenci\u00f3n y disfrute posibles cuando nos visiten, les pedimos por favor que nos contacten previamente a trav\u00e9s de las dos v\u00edas de comunicaci\u00f3n que disponemos: nuestro <a href=\"https:\/\/janus.bio\/contacto\/\" target=\"_blank\" rel=\"noopener noreferrer\"><strong>Formulario de Contacto<\/strong><\/a>\u00a0y\u00a0<strong>WhatsApp<\/strong>\u00a0(al<a href=\"https:\/\/wa.me\/542995711049?text=Hola,%20me%20contacto%20desde%20el%20sitio%20web,%20mi%20nombre%20es%20\"><strong>\u00a0+549 299 5711049<\/strong><\/a>).<strong> <span style=\"color: #ff0000;\"> <em>\u00a1Gracias por elegir formar parte de la gran familia Janus!<\/em><\/span><\/strong><\/p>\n<p>[vc_row row_type=\u00bbrow\u00bb use_row_as_full_screen_section=\u00bbno\u00bb type=\u00bbfull_width\u00bb oblique_section=\u00bbno\u00bb text_align=\u00bbleft\u00bb css_animation=\u00bb\u00bb box_shadow_on_row=\u00bbno\u00bb][vc_gallery interval=\u00bb3&#8243; images=\u00bb63933,54570,53914,53916,53920,53915,53919,53913,53903,53902,53917,53904&#8243; img_size=\u00bblarge\u00bb]<\/p>\n","protected":false},"excerpt":{"rendered":"<p>Los esperamos en Parador Janus, el umbral de la Patagonia, para recibirlos durante todo el a\u00f1o con alojamiento, descanso y alimento vital, un oasis entre la ruta y el r\u00edo Nueva Ruralidad es el concepto que utilizamos para inscribir nuestro modelo de comunidades rurales sustentables, enfocado en el desarrollo territorial mediante villas productivas agroecol\u00f3gicas, basado [&hellip;]<\/p>\n","protected":false},"author":3,"featured_media":66345,"parent":0,"menu_order":0,"comment_status":"closed","ping_status":"closed","template":"","meta":{"_acf_changed":false,"footnotes":""},"class_list":["post-63178","page","type-page","status-publish","has-post-thumbnail","hentry"],"acf":[],"_links":{"self":[{"href":"https:\/\/perfilvirtual.ar\/janus\/wp-json\/wp\/v2\/pages\/63178","targetHints":{"allow":["GET"]}}],"collection":[{"href":"https:\/\/perfilvirtual.ar\/janus\/wp-json\/wp\/v2\/pages"}],"about":[{"href":"https:\/\/perfilvirtual.ar\/janus\/wp-json\/wp\/v2\/types\/page"}],"author":[{"embeddable":true,"href":"https:\/\/perfilvirtual.ar\/janus\/wp-json\/wp\/v2\/users\/3"}],"replies":[{"embeddable":true,"href":"https:\/\/perfilvirtual.ar\/janus\/wp-json\/wp\/v2\/comments?post=63178"}],"version-history":[{"count":42,"href":"https:\/\/perfilvirtual.ar\/janus\/wp-json\/wp\/v2\/pages\/63178\/revisions"}],"predecessor-version":[{"id":66380,"href":"https:\/\/perfilvirtual.ar\/janus\/wp-json\/wp\/v2\/pages\/63178\/revisions\/66380"}],"wp:featuredmedia":[{"embeddable":true,"href":"https:\/\/perfilvirtual.ar\/janus\/wp-json\/wp\/v2\/media\/66345"}],"wp:attachment":[{"href":"https:\/\/perfilvirtual.ar\/janus\/wp-json\/wp\/v2\/media?parent=63178"}],"curies":[{"name":"wp","href":"https:\/\/api.w.org\/{rel}","templated":true}]}}