{"id":55363,"date":"2019-08-22T12:04:31","date_gmt":"2019-08-22T12:04:31","guid":{"rendered":"http:\/\/janus.bio\/?page_id=55363"},"modified":"2025-06-30T21:52:33","modified_gmt":"2025-06-30T21:52:33","slug":"elaborados-artesanales","status":"publish","type":"page","link":"https:\/\/perfilvirtual.ar\/janus\/elaborados-artesanales\/","title":{"rendered":"Elaborados artesanales"},"content":{"rendered":"<blockquote><p>Los elaborados artesanales se preparan en nuestra cocina, acondicionada a medida y con equipamientos acordes a las tareas de agregado de valor que se realizan para obtener panificados, dulces, quesos, jugos y bebidas, deshidratados, fermentados, entre otras especialidades; equilibrando la propuesta de alimentaci\u00f3n saludable con alimentos frescos cosechados el mismo d\u00eda de reparto de las Entregas Semanales a los puntos de distribuci\u00f3n, para que lleguen a las mesas familiares plenos de vitalidad.<\/p><\/blockquote>\n","protected":false},"excerpt":{"rendered":"<p>Los elaborados artesanales se preparan en nuestra cocina, acondicionada a medida y con equipamientos acordes a las tareas de agregado de valor que se realizan para obtener panificados, dulces, quesos, jugos y bebidas, deshidratados, fermentados, entre otras especialidades; equilibrando la propuesta de alimentaci\u00f3n saludable con alimentos frescos cosechados el mismo d\u00eda de reparto de las [&hellip;]<\/p>\n","protected":false},"author":2,"featured_media":64828,"parent":0,"menu_order":0,"comment_status":"closed","ping_status":"closed","template":"","meta":{"_acf_changed":false,"footnotes":""},"class_list":["post-55363","page","type-page","status-publish","has-post-thumbnail","hentry"],"acf":[],"_links":{"self":[{"href":"https:\/\/perfilvirtual.ar\/janus\/wp-json\/wp\/v2\/pages\/55363","targetHints":{"allow":["GET"]}}],"collection":[{"href":"https:\/\/perfilvirtual.ar\/janus\/wp-json\/wp\/v2\/pages"}],"about":[{"href":"https:\/\/perfilvirtual.ar\/janus\/wp-json\/wp\/v2\/types\/page"}],"author":[{"embeddable":true,"href":"https:\/\/perfilvirtual.ar\/janus\/wp-json\/wp\/v2\/users\/2"}],"replies":[{"embeddable":true,"href":"https:\/\/perfilvirtual.ar\/janus\/wp-json\/wp\/v2\/comments?post=55363"}],"version-history":[{"count":8,"href":"https:\/\/perfilvirtual.ar\/janus\/wp-json\/wp\/v2\/pages\/55363\/revisions"}],"predecessor-version":[{"id":66531,"href":"https:\/\/perfilvirtual.ar\/janus\/wp-json\/wp\/v2\/pages\/55363\/revisions\/66531"}],"wp:featuredmedia":[{"embeddable":true,"href":"https:\/\/perfilvirtual.ar\/janus\/wp-json\/wp\/v2\/media\/64828"}],"wp:attachment":[{"href":"https:\/\/perfilvirtual.ar\/janus\/wp-json\/wp\/v2\/media?parent=55363"}],"curies":[{"name":"wp","href":"https:\/\/api.w.org\/{rel}","templated":true}]}}