{"id":54962,"date":"2019-07-30T20:14:31","date_gmt":"2019-07-30T20:14:31","guid":{"rendered":"http:\/\/janus.bio\/?page_id=54962"},"modified":"2026-01-10T14:05:08","modified_gmt":"2026-01-10T14:05:08","slug":"noticias","status":"publish","type":"page","link":"https:\/\/perfilvirtual.ar\/janus\/noticias\/","title":{"rendered":"Noticias"},"content":{"rendered":"<blockquote><p>Un componente importante de la estrategia de comunicaci\u00f3n institucional de Janus es compartir noticias con informaci\u00f3n actualizada y espec\u00edfica acerca de lo que sucede en nuestra granja biodin\u00e1mica, complementando con temas de inter\u00e9s general y eventos relacionados con el enfoque de nuestro proyecto.<\/p><\/blockquote>\n","protected":false},"excerpt":{"rendered":"<p>Un componente importante de la estrategia de comunicaci\u00f3n institucional de Janus es compartir noticias con informaci\u00f3n actualizada y espec\u00edfica acerca de lo que sucede en nuestra granja biodin\u00e1mica, complementando con temas de inter\u00e9s general y eventos relacionados con el enfoque de nuestro proyecto.<\/p>\n","protected":false},"author":2,"featured_media":66425,"parent":0,"menu_order":0,"comment_status":"closed","ping_status":"closed","template":"","meta":{"_acf_changed":false,"footnotes":""},"class_list":["post-54962","page","type-page","status-publish","has-post-thumbnail","hentry"],"acf":[],"_links":{"self":[{"href":"https:\/\/perfilvirtual.ar\/janus\/wp-json\/wp\/v2\/pages\/54962","targetHints":{"allow":["GET"]}}],"collection":[{"href":"https:\/\/perfilvirtual.ar\/janus\/wp-json\/wp\/v2\/pages"}],"about":[{"href":"https:\/\/perfilvirtual.ar\/janus\/wp-json\/wp\/v2\/types\/page"}],"author":[{"embeddable":true,"href":"https:\/\/perfilvirtual.ar\/janus\/wp-json\/wp\/v2\/users\/2"}],"replies":[{"embeddable":true,"href":"https:\/\/perfilvirtual.ar\/janus\/wp-json\/wp\/v2\/comments?post=54962"}],"version-history":[{"count":69,"href":"https:\/\/perfilvirtual.ar\/janus\/wp-json\/wp\/v2\/pages\/54962\/revisions"}],"predecessor-version":[{"id":66685,"href":"https:\/\/perfilvirtual.ar\/janus\/wp-json\/wp\/v2\/pages\/54962\/revisions\/66685"}],"wp:featuredmedia":[{"embeddable":true,"href":"https:\/\/perfilvirtual.ar\/janus\/wp-json\/wp\/v2\/media\/66425"}],"wp:attachment":[{"href":"https:\/\/perfilvirtual.ar\/janus\/wp-json\/wp\/v2\/media?parent=54962"}],"curies":[{"name":"wp","href":"https:\/\/api.w.org\/{rel}","templated":true}]}}