{"id":53652,"date":"2019-02-25T10:53:37","date_gmt":"2019-02-25T10:53:37","guid":{"rendered":"http:\/\/janus.bio\/?page_id=53652"},"modified":"2025-04-14T14:59:57","modified_gmt":"2025-04-14T14:59:57","slug":"experiencia-biodinamica","status":"publish","type":"page","link":"https:\/\/perfilvirtual.ar\/janus\/experiencia-biodinamica\/","title":{"rendered":"Experiencia Biodin\u00e1mica"},"content":{"rendered":"<h5>Janus Proyecto Rural Integrador es un espacio vivo de interacci\u00f3n en el que vamos creando \u2014d\u00eda a d\u00eda y entre todos\u2014 las condiciones \u00f3ptimas para que lo viviente tenga lugar y donde las experiencias imborrables nos constituyen.<\/h5>\n<p><iframe loading=\"lazy\" class=\"aligncenter\" title=\"YouTube video player\" src=\"https:\/\/www.youtube.com\/embed\/mHLuDVppMYo\" width=\"300\" height=\"169\" frameborder=\"0\" allowfullscreen=\"allowfullscreen\"><\/iframe><\/p>\n<p><a href=\"https:\/\/janus.bio\/nueva-ruralidad-y-el-buen-vivir\/\" target=\"_blank\" rel=\"noopener\"><strong>Nueva Ruralidad<\/strong> <\/a>es el concepto que utilizamos para inscribir nuestro modelo de comunidades rurales sustentables, enfocado en el desarrollo territorial mediante villas productivas agroecol\u00f3gicas, basado en los principios de la Agricultura Biodin\u00e1mica. En este marco se inscribe nuestra propuesta integral, donde ofrecemos el entorno ideal para ser protagonistas de la<a href=\"https:\/\/janus.bio\/experiencia-biodinamica\/\" target=\"_blank\" rel=\"noopener\"><strong> Experiencia Biodin\u00e1mica<\/strong><\/a>.<\/p>\n<p><img loading=\"lazy\" decoding=\"async\" class=\"aligncenter wp-image-61779\" src=\"https:\/\/janus.bio\/wp-content\/uploads\/2023\/04\/05-EXPERIENCIA-BI0DINAMICA-1200-300x158.jpg\" alt=\"Experiencia Biodin\u00e1mica\" width=\"480\" height=\"252\" srcset=\"https:\/\/perfilvirtual.ar\/janus\/wp-content\/uploads\/2023\/04\/05-EXPERIENCIA-BI0DINAMICA-1200-300x158.jpg 300w, https:\/\/perfilvirtual.ar\/janus\/wp-content\/uploads\/2023\/04\/05-EXPERIENCIA-BI0DINAMICA-1200-1024x538.jpg 1024w, https:\/\/perfilvirtual.ar\/janus\/wp-content\/uploads\/2023\/04\/05-EXPERIENCIA-BI0DINAMICA-1200-768x403.jpg 768w, https:\/\/perfilvirtual.ar\/janus\/wp-content\/uploads\/2023\/04\/05-EXPERIENCIA-BI0DINAMICA-1200-700x368.jpg 700w, https:\/\/perfilvirtual.ar\/janus\/wp-content\/uploads\/2023\/04\/05-EXPERIENCIA-BI0DINAMICA-1200.jpg 1200w\" sizes=\"auto, (max-width: 480px) 100vw, 480px\" \/><\/p>\n<p>El <strong>Organismo Agr\u00edcola<\/strong> que representa la granja biodin\u00e1mica aporta su mirada social como un todo, transform\u00e1ndose en un espacio integral, cultural, educativo, terap\u00e9utico y ambiental, para constituirnos como un modelo de producci\u00f3n sustentable del Alto Valle de R\u00edo Negro y Neuqu\u00e9n, con proyecci\u00f3n nacional y global.\u00a0<span style=\"font-weight: 400;\">Persiguiendo este\u00a0prop\u00f3sito vamos definiendo nuestra estrategia de crecimiento y consolidaci\u00f3n, ofreciendo\u00a0nuevas formas de <em>Ense\u00f1anza\/Aprendizaje<\/em>, de acercamiento y participaci\u00f3n para que quienes deseen sumarse vayan desplegando sus capacidades en la interacci\u00f3n grupal.\u00a0<\/span><span style=\"font-weight: 400;\">Para lograr estos objetivos hemos desarrollado una <strong>combinaci\u00f3n de formatos<\/strong> que\u00a0definimos como\u00a0<strong>EXPERIENCIA BIODIN\u00c1MICA<\/strong>, articulada con el <a href=\"https:\/\/janus.bio\/parador-janus-alojamiento-descanso-y-alimento-vital\/\" target=\"_blank\" rel=\"noopener noreferrer\"><strong>Parador Janus<\/strong><\/a>, creando nuevos espacios y modalidades de relaci\u00f3n, que integran al conjunto las diferentes posibilidades de experimentaci\u00f3n. <\/span><span style=\"font-weight: 400;\">Quienes se acerquen a disfrutar de la <strong>EXPERIENCIA BIODIN\u00c1MICA<\/strong> pronto lograr\u00e1n convertirse en protagonistas y testigos privilegiados de esta propuesta de inmersi\u00f3n en los fundamentos de la <a href=\"https:\/\/janus.bio\/agricultura-biodinamica\/\" target=\"_blank\" rel=\"noopener noreferrer\"><strong>Agricultura Biodin\u00e1mica<\/strong><\/a> como modelo de <strong>Producci\u00f3n Sustentable<\/strong>.\u00a0<\/span><\/p>\n<p>Para facilitar la inmersi\u00f3n de los <strong>protagonistas<\/strong> de la <strong>Experiencia Biodin\u00e1mica<\/strong> hemos\u00a0dise\u00f1ado\u00a0<strong>diversos formatos<\/strong> y sus respectivas <strong>modalidades<\/strong>, cada cual con sus caracter\u00edsticas particulares en funci\u00f3n de brindar las mejores condiciones:<\/p>\n<h4><a href=\"https:\/\/janus.bio\/2019\/08\/13\/experiencia-biodinamica-visitantes\/\" target=\"_blank\" rel=\"noopener noreferrer\"><strong>VISITANTES<\/strong><\/a>, v<strong><em>isitas recreativas para conocer y experimentar<\/em><\/strong><\/h4>\n<p>Adem\u00e1s del compromiso que nos caracteriza puertas adentro durante el desempe\u00f1o de las tareas cotidianas, tambi\u00e9n sentimos que la trascendencia del hacer necesita el complemento del compartir. Honrando las tradiciones\u00a0colectivas y colaborativas de las pr\u00e1cticas agr\u00edcolas, abrimos la tranquera y los invitamos a visitarnos. Para recibirlos hemos creado el\u00a0<strong>formato<\/strong>\u00a0<strong>Visitantes<\/strong>, que consta de <strong>dos\u00a0modalidades<\/strong>:<\/p>\n<p><a href=\"https:\/\/janus.bio\/2023\/10\/30\/experiencia-biodinamica-visitas-guiadas-un-primer-acercamiento-sensible\/\" target=\"_blank\" rel=\"noopener noreferrer\"><strong>Visitas Guiadas<\/strong><\/a><em><strong>, un primer acercamiento sensible: <\/strong><\/em>Para\u00a0los\u00a0visitantes\u00a0que dispongan de poco tiempo para venir a la granja, les proponemos\u00a0 disfrutar de una\u00a0agradable recorrida que les permitir\u00e1 percibir e interpretar en primera persona el Modelo Productivo-Asociativo\u00a0que implementamos en\u00a0<a href=\"https:\/\/janus.bio\/proyecto-rural-integrador\/\" target=\"_blank\" rel=\"noopener noreferrer\"><strong>JANUS Proyecto Rural Integrador<\/strong><\/a>, basado en la\u00a0<a href=\"https:\/\/janus.bio\/agricultura-biodinamica\/\" target=\"_blank\" rel=\"noopener noreferrer\"><strong>Agricultura Biodin\u00e1mica<\/strong><\/a>\u00a0y en<a href=\"https:\/\/janus.bio\/2019\/07\/18\/csa-un-modelo-de-intercambio-entre-productores-y-consumidores\/\" target=\"_blank\" rel=\"noopener noreferrer\"><strong> CSA, Comunidad que Sostiene a la Agricultura<\/strong><\/a>. Todos los\u00a0<strong>S\u00e1bados<\/strong>\u00a0<em>(excepto feriados)<\/em>\u00a0a las\u00a0<strong>10:30<\/strong>\u00a0<em>(por favor, solicitamos puntualidad para un mejor aprovechamiento de la experiencia)<\/em>\u00a0dar\u00e1 comienzo la<strong>\u00a0Visita guiada<\/strong>. Nos reuniremos\u00a0en el\u00a0<strong>Punto de Encuentro<\/strong>\u00a0ubicado en las cercan\u00edas de la\u00a0<strong>huerta principal<\/strong>\u00a0\u2014el coraz\u00f3n de nuestro proyecto\u2014\u00a0para que\u00a0un\u00a0integrante de nuestro equipo de trabajo los acompa\u00f1e\u00a0para mostrarles<strong>\u00a0los cultivos<\/strong>\u00a0donde se cosechan los\u00a0<a href=\"https:\/\/janus.bio\/alimentos-frescos\/\" target=\"_blank\" rel=\"noopener noreferrer\"><strong>alimentos frescos<\/strong>;<\/a>\u00a0el\u00a0<strong>corral<\/strong>\u00a0con los\u00a0<a href=\"https:\/\/janus.bio\/portfolio_page\/animales-de-granja\/\" target=\"_blank\" rel=\"noopener noreferrer\"><strong>animales de granja<\/strong><\/a>, la\u00a0<strong>cocina<\/strong>\u00a0donde se preparan artesanalmente nuestros\u00a0<a href=\"https:\/\/janus.bio\/productos-elaborados\/\" target=\"_blank\" rel=\"noopener noreferrer\"><strong>productos elaborados<\/strong><\/a>\u00a0y el\u00a0<a href=\"https:\/\/janus.bio\/parador-janus-alojamiento-descanso-y-alimento-vital\/\" target=\"_blank\" rel=\"noopener noreferrer\"><strong>Parador Janus<\/strong><\/a>.<\/p>\n<p><span style=\"font-weight: 400;\"><a href=\"https:\/\/janus.bio\/2019\/08\/22\/experiencia-biodinamica-estadia-diurna\/\" target=\"_blank\" rel=\"noopener noreferrer\"><strong>Estad\u00eda diurna<\/strong><\/a><\/span><em><strong>, la duraci\u00f3n justa para disfrutar: <\/strong><\/em>Los visitantes que\u00a0dispongan de\u00a0m\u00e1s tiempo para disfrutar\u00a0durante el d\u00eda, tendr\u00e1n la posibilidad de recorrer por su propia cuenta<strong>\u00a0las huertas<\/strong>\u00a0y<strong>\u00a0los cultivos<\/strong>\u00a0donde se cosechan los\u00a0<a href=\"https:\/\/janus.bio\/alimentos-frescos\/\" target=\"_blank\" rel=\"noopener noreferrer\"><strong>alimentos frescos<\/strong>;<\/a>\u00a0el\u00a0<strong>corral<\/strong>\u00a0con los\u00a0<a href=\"https:\/\/janus.bio\/portfolio_page\/animales-de-granja\/\" target=\"_blank\" rel=\"noopener noreferrer\"><strong>animales de granja<\/strong><\/a>; la\u00a0<strong>cocina<\/strong>\u00a0donde se preparan artesanalmente nuestros\u00a0<a href=\"https:\/\/janus.bio\/productos-elaborados\/\" target=\"_blank\" rel=\"noopener noreferrer\"><strong>productos elaborados<\/strong><\/a>\u00a0y el\u00a0<a href=\"https:\/\/janus.bio\/parador-janus-alojamiento-descanso-y-alimento-vital\/\" target=\"_blank\" rel=\"noopener noreferrer\"><strong>Parador Janus<\/strong><\/a>.<\/p>\n<h4><a href=\"https:\/\/janus.bio\/2019\/08\/13\/experiencia-biodinamica-viajeros\/\" target=\"_blank\" rel=\"noopener noreferrer\"><strong>VIAJEROS<\/strong><\/a><strong><em>, consociando naturaleza y descanso<\/em><\/strong><\/h4>\n<p>En agricultura se denomina \u00abconsociar\u00bb o \u00abasociar\u00bb a una t\u00e9cnica de cultivo en la que se siembran en conjunto dos o m\u00e1s especies vegetales, potenciando las caracter\u00edsticas de cada una, logrando mejores resultados en la calidad de lo cosechado y tambi\u00e9n mejorando el suelo. Este es el concepto y el esp\u00edritu que intentamos transmitir y promover desde <a href=\"https:\/\/janus.bio\/proyecto-rural-integrador\/\" target=\"_blank\" rel=\"noopener noreferrer\"><strong>JANUS Proyecto Rural Integrador<\/strong><\/a>, invitando a todos los viajeros \u2014individuos, grupos y familias\u2014 a que encuentren en nuestra granja biodin\u00e1mica un espacio de disfrute, tranquilidad y alimento, integrado a la huerta, los cultivos, el bosque y el agua, en el marco del caracter\u00edstico paisaje valletano. Para darles la bienvenida cuando elijan el\u00a0<a href=\"https:\/\/janus.bio\/parador-janus-alojamiento-descanso-y-alimento-vital\/\" target=\"_blank\" rel=\"noopener noreferrer\"><strong>Parador Janus<\/strong><\/a> para hacer un alto en el camino, hemos creado el <strong>formato<\/strong> <strong>Viajeros<\/strong>, que consta de <strong>dos modalidades<\/strong>:<\/p>\n<p><a href=\"https:\/\/janus.bio\/2019\/08\/24\/experiencia-biodinamica-viajeros-de-cercania\/\" target=\"_blank\" rel=\"noopener noreferrer\"><strong>Viajeros de cercan\u00eda<\/strong><\/a><em><strong>, planificando una escapada regional: <\/strong><\/em>Por un lado, JANUS se destaca por su cercan\u00eda con varias localidades que integran el pujante conglomerado del Alto Valle y la Confluencia, una\u00a0extensa\u00a0<em>multiciudad<\/em>\u00a0<em>biprovincial<\/em> conformada por m\u00e1s de 700.000 habitantes, residentes en el cuadrante formado por diferentes rutas nacionales que acompa\u00f1an el curso de los r\u00edos Negro, Neuqu\u00e9n y Limay. Insertas en esta encrucijada de caminos y contenidas por el r\u00edo Neuqu\u00e9n y la Ruta Nacional 151, nuestras confortables instalaciones de alojamiento y esparcimiento resultan el marco ideal para que los residentes en las\u00a0localidades\u00a0cercanas programen salidas y escapadas individuales, familiares y grupales para disfrutar momentos de relax en contacto con la naturaleza y la vitalidad de la tierra productiva.<\/p>\n<p><a href=\"https:\/\/janus.bio\/2019\/08\/24\/experiencia-biodinamica-viajeros-de-paso\/\" target=\"_blank\" rel=\"noopener noreferrer\"><strong>Viajeros de paso<\/strong><\/a><strong><em>, encontrando un oasis en el camino: <\/em><\/strong>Por otro lado, la estrat\u00e9gica ubicaci\u00f3n geogr\u00e1fica del <a href=\"https:\/\/janus.bio\/parador-janus-alojamiento-descanso-y-alimento-vital\/\" target=\"_blank\" rel=\"noopener noreferrer\"><strong>Parador Janus<\/strong><\/a> se caracteriza por su privilegiada condici\u00f3n de nexo triprovincial, articulando R\u00edo Negro, Neuqu\u00e9n y La Pampa a trav\u00e9s de importantes rutas que dinamizan \u2014de Sur a Norte y de Este a Oeste\u2014 el tr\u00e1nsito regional y nacional. Desde nuestro lugar en el mundo abrimos las puertas a la Patagonia \u2014ofreciendo, cobijo y alimento\u2014 a los viajeros que van o vienen de paso hacia todos los puntos cardinales, con el deseo de beneficiarlos con ese descanso necesario antes de seguir viaje.<\/p>\n<h4><a href=\"https:\/\/janus.bio\/2019\/08\/24\/experiencia-biodinamica-retiros-grupales\/\" target=\"_blank\" rel=\"noopener noreferrer\">RETIROS GRUPALES<\/a><em><strong>, favoreciendo pr\u00e1cticas colectivas<\/strong><\/em><\/h4>\n<p>Encontrarse con uno mismo suele ser uno de los desaf\u00edos planteados por los diferentes caminos vinculados con la la alimentaci\u00f3n, la salud y la espiritualidad, para cuyo logro la mayor\u00eda de las propuestas coinciden en mencionar algunas reglas b\u00e1sicas: trabajar en grupos, coordinaci\u00f3n con prop\u00f3sito, espacio com\u00fan acondicionado y contexto apropiado. La <strong>Experiencia Biodin\u00e1mica<\/strong> que proponemos \u2014integrando las caracter\u00edsticas y comodidades de nuestro\u00a0<a href=\"https:\/\/janus.bio\/parador-janus-alojamiento-descanso-y-alimento-vital\/\" target=\"_blank\" rel=\"noopener noreferrer\"><strong>Parador Janus<\/strong><\/a>\u00a0con nuestro prop\u00f3sito de <em>Ense\u00f1anza\/Aprendizaje<\/em>, que luego adquiere las diferentes formas de los grupos participantes\u2014, logra reunir las condiciones necesarias para garantizar una estad\u00eda acorde a los resultados esperados para encuentros y pr\u00e1cticas grupales.<\/p>\n<h4><a href=\"https:\/\/janus.bio\/2019\/08\/13\/experiencia-biodinamica-practicas-productivas\/\" target=\"_blank\" rel=\"noopener noreferrer\"><strong>PR\u00c1CTICAS PRODUCTIVAS<\/strong><\/a><strong><em>, comunicando conocimientos b\u00e1sicos<\/em><\/strong><\/h4>\n<p>Si te gusta meter las manos en la tierra, aprender a hacer huerta y compost, atender a las gallinas y desmalezar, conocer c\u00f3mo influye la luna en el crecimiento de los vegetales, y si adem\u00e1s ten\u00e9s ganas de desarrollar alg\u00fan tipo de proyecto propio vinculado con la vida en contacto directo con la naturaleza, <strong>JANUS\u00a0Proyecto Rural Integrador<\/strong> pone a tu alcance los medios y el \u00e1mbito ideal para empezar, ofreciendo nuestro espacio para compartir tu saber, tu trabajo y tu creatividad, en cuatro pr\u00e1cticas tem\u00e1ticas: <a href=\"https:\/\/janus.bio\/2018\/01\/23\/experiencia-biodinamica-practica-produccion-frutihorticola\/\" target=\"_blank\" rel=\"noopener noreferrer\"><strong>Pr\u00e1ctica Producci\u00f3n Frutihort\u00edcola<\/strong><\/a><strong>, <\/strong><a href=\"https:\/\/janus.bio\/2017\/12\/20\/experiencia-biodinamica-practica-produccion-animal\/\" target=\"_blank\" rel=\"noopener noreferrer\"><strong>Pr\u00e1ctica Producci\u00f3n Animal<\/strong><\/a>, <a href=\"https:\/\/janus.bio\/2018\/01\/28\/experiencia-biodinamica-practica-alimentacion-saludable\/\" target=\"_blank\" rel=\"noopener noreferrer\"><strong>Pr\u00e1ctica Alimentaci\u00f3n Saludable<\/strong><\/a>\u00a0y <a href=\"https:\/\/janus.bio\/2017\/12\/20\/experiencia-biodinamica-practica-artistica-cultural-y-academica\/\" target=\"_blank\" rel=\"noopener noreferrer\"><strong>Pr\u00e1ctica Art\u00edstica, Cultural y Acad\u00e9mica<\/strong><\/a><strong>. <\/strong>Estando presentes en JANUS, los <strong>Practicantes<\/strong>\u00a0son quienes eligen la posibilidad de participar activamente en algunas de las actividades espec\u00edficas que se desarrollan en la granja, seg\u00fan duraci\u00f3n y complejidad, coordinadas por\u00a0nuestro equipo, quienes ofician como facilitadores de este virtuoso proceso de <em>Ense\u00f1anza\/Aprendizaje<\/em>. El\u00a0modelo de\u00a0<strong>Pr\u00e1cticas Productivas<\/strong>\u00a0que proponemos contempla nuestro acompa\u00f1amiento a los interesados en\u00a0experimentar su proceso personal de inmersi\u00f3n en los fundamentos de la <strong>Agricultura Biodin\u00e1mica<\/strong>, complementando\u00a0los\u00a0tiempos de disfrute\u00a0con la infraestructura\u00a0del\u00a0<a href=\"https:\/\/janus.bio\/parador-janus-alojamiento-descanso-y-alimento-vital\/\" target=\"_blank\" rel=\"noopener noreferrer\"><strong>Parador Janus<\/strong><\/a>, integr\u00e1ndolos a las actividades de la Granja para convertir\u00a0su estad\u00eda en Janus en una verdadera <strong>Experiencia Biodin\u00e1mica<\/strong>. La duraci\u00f3n y modalidades elegidas por el <strong>Practicante<\/strong>\u00a0quedan sujetas a\u00a0sus posibilidades\u00a0y a la disponibilidad de nuestras instalaciones.<\/p>\n<h4><a href=\"https:\/\/janus.bio\/nueva-ruralidad-y-el-buen-vivir\/\" target=\"_blank\" rel=\"noopener noreferrer\"><strong>NUEVA RURALIDAD<\/strong><\/a><\/h4>\n<p>En tanto producto de la natural evoluci\u00f3n de la <strong>Experiencia Biodin\u00e1mica<\/strong> que venimos acumulando en la granja \u2014gracias a nuestra po\u00edtica de tranqueras abiertas que implementamos desde que en 2009 comenzamos con nuestro prop\u00f3sito de crear un modelo propio de desarrollo sustentable y regenerativo\u2014, la <a href=\"https:\/\/janus.bio\/nueva-ruralidad-y-el-buen-vivir\/\" target=\"_blank\" rel=\"noopener\"><strong>Nueva Ruralidad<\/strong> <\/a>emerge como concepto fundamental para la consolidaci\u00f3n de nuestra propuesta de comunidades rurales sustentables, enfocada en el desarrollo territorial mediante la creaci\u00f3n de villas productivas agroecol\u00f3gicas, basadas en los principios de la Agricultura Biodin\u00e1mica.<\/p>\n<p>Trabajando junto a quienes se sumen a la <strong>EXPERIENCIA BIODIN\u00c1MICA<\/strong>\u00a0de <a href=\"https:\/\/janus.bio\/proyecto-rural-integrador\/\" target=\"_blank\" rel=\"noopener noreferrer\"><strong>JANUS Proyecto Rural Integrador<\/strong><\/a> iremos logrando nuestro objetivo \u2014que es tambi\u00e9n el de muchos\u2014 basado en la sensibilizaci\u00f3n y divulgaci\u00f3n de temas que cada d\u00eda se van instalando con mayor solidez en la agenda p\u00fablica: agroecolog\u00eda, agricultura familiar sustentable, alimentos sanos, vitales y nutritivos, alimentaci\u00f3n consciente, consumo responsable y nuevas formas de vinculaci\u00f3n colectiva. Como servicios asociados ofrecemos el uso compartido del <a href=\"https:\/\/janus.bio\/2020\/01\/15\/janus-espacio-aural-comunidad-y-alimento\/\" target=\"_blank\" rel=\"noopener\"><strong>Espacio Aural<\/strong><\/a>, con todo lo necesario para que puedan servirse nuestras sugerencias gastron\u00f3micas, preparadas con nuestros<a href=\"https:\/\/janus.bio\/alimentos-frescos\/\" target=\"_blank\" rel=\"noopener noreferrer\"><strong>\u00a0alimentos frescos<\/strong><\/a>\u00a0y\u00a0<a href=\"https:\/\/janus.bio\/productos-elaborados\/\" target=\"_blank\" rel=\"noopener noreferrer\"><strong>productos elaborados<\/strong><\/a> que haya en existencia en el momento. Tambi\u00e9 ofrecemos acceso al <a href=\"https:\/\/janus.bio\/almacen\/\" target=\"_blank\" rel=\"noopener noreferrer\"><strong>Almac\u00e9n<\/strong><\/a>\u00a0de\u00a0<a href=\"https:\/\/janus.bio\/productos-elaborados\/\" target=\"_blank\" rel=\"noopener noreferrer\"><strong>Productos Janus<\/strong><\/a>, con la posibilidad de consumirlos en el lugar o llevar a casa.\u00a0Las\u00a0opciones de alojamiento que\u00a0caracterizan a\u00a0nuestro\u00a0<a href=\"https:\/\/janus.bio\/parador-janus-alojamiento-descanso-y-alimento-vital\/\" target=\"_blank\" rel=\"noopener noreferrer\"><strong>Parador Janus<\/strong><\/a>\u00a0son\u00a0los\u00a0<a href=\"https:\/\/janus.bio\/2019\/02\/28\/parador-janus-dormis\/\" target=\"_blank\" rel=\"noopener noreferrer\"><strong>Dormis<\/strong><\/a>, adem\u00e1s del sector\u00a0<a href=\"https:\/\/janus.bio\/2019\/02\/28\/parador-janus-acampe\/\" target=\"_blank\" rel=\"noopener noreferrer\"><strong>Acampe<\/strong><\/a>\u00a0donde pueden instalarse carpas, casillas rodantes y motorhomes en las cercan\u00edas del\u00a0<a href=\"https:\/\/janus.bio\/2019\/02\/28\/parador-janus-area-de-servicios\/\" target=\"_blank\" rel=\"noopener noreferrer\"><strong>\u00c1rea de Servicios<\/strong><\/a>.<\/p>\n<p>Con el prop\u00f3sito de lograr una mayor fluidez en los intercambios y organizar nuestra agenda para garantizar la mejor atenci\u00f3n y disfrute posibles cuando nos visiten, les pedimos por favor que nos contacten previamente a trav\u00e9s de las dos v\u00edas de comunicaci\u00f3n que disponemos: nuestro <a href=\"https:\/\/janus.bio\/contacto\/\" target=\"_blank\" rel=\"noopener noreferrer\"><strong>Formulario de Contacto<\/strong><\/a>\u00a0y\u00a0<strong>WhatsApp<\/strong>\u00a0(al<a href=\"https:\/\/wa.me\/542995711049?text=Hola,%20me%20contacto%20desde%20el%20sitio%20web,%20mi%20nombre%20es%20\"><strong>\u00a0+549 299 5711049<\/strong><\/a>).<strong> <span style=\"color: #ff0000;\"><em>\u00a1Gracias por elegir formar parte de la gran familia Janus!<\/em><\/span><\/strong><\/p>\n<p>[vc_row row_type=\u00bbrow\u00bb use_row_as_full_screen_section=\u00bbyes\u00bb type=\u00bbfull_width\u00bb oblique_section=\u00bbno\u00bb text_align=\u00bbcenter\u00bb css_animation=\u00bb\u00bb box_shadow_on_row=\u00bbno\u00bb][vc_gallery interval=\u00bb3&#8243; images=\u00bb63933,53834,52907&#8243; img_size=\u00bblarge\u00bb]<\/p>\n","protected":false},"excerpt":{"rendered":"<p>Janus Proyecto Rural Integrador es un espacio vivo de interacci\u00f3n en el que vamos creando \u2014d\u00eda a d\u00eda y entre todos\u2014 las condiciones \u00f3ptimas para que lo viviente tenga lugar y donde las experiencias imborrables nos constituyen. Nueva Ruralidad es el concepto que utilizamos para inscribir nuestro modelo de comunidades rurales sustentables, enfocado en el [&hellip;]<\/p>\n","protected":false},"author":2,"featured_media":0,"parent":0,"menu_order":0,"comment_status":"closed","ping_status":"closed","template":"","meta":{"_acf_changed":false,"footnotes":""},"class_list":["post-53652","page","type-page","status-publish","hentry"],"acf":[],"_links":{"self":[{"href":"https:\/\/perfilvirtual.ar\/janus\/wp-json\/wp\/v2\/pages\/53652","targetHints":{"allow":["GET"]}}],"collection":[{"href":"https:\/\/perfilvirtual.ar\/janus\/wp-json\/wp\/v2\/pages"}],"about":[{"href":"https:\/\/perfilvirtual.ar\/janus\/wp-json\/wp\/v2\/types\/page"}],"author":[{"embeddable":true,"href":"https:\/\/perfilvirtual.ar\/janus\/wp-json\/wp\/v2\/users\/2"}],"replies":[{"embeddable":true,"href":"https:\/\/perfilvirtual.ar\/janus\/wp-json\/wp\/v2\/comments?post=53652"}],"version-history":[{"count":209,"href":"https:\/\/perfilvirtual.ar\/janus\/wp-json\/wp\/v2\/pages\/53652\/revisions"}],"predecessor-version":[{"id":66195,"href":"https:\/\/perfilvirtual.ar\/janus\/wp-json\/wp\/v2\/pages\/53652\/revisions\/66195"}],"wp:attachment":[{"href":"https:\/\/perfilvirtual.ar\/janus\/wp-json\/wp\/v2\/media?parent=53652"}],"curies":[{"name":"wp","href":"https:\/\/api.w.org\/{rel}","templated":true}]}}